{"id":1232,"date":"2019-01-18T09:47:35","date_gmt":"2019-01-18T09:47:35","guid":{"rendered":"https:\/\/cliniquedeliposuccion.ch\/?page_id=1232"},"modified":"2019-07-12T12:55:10","modified_gmt":"2019-07-12T12:55:10","slug":"datenschutz","status":"publish","type":"page","link":"https:\/\/cliniquedeliposuccion.ch\/de\/datenschutz\/","title":{"rendered":"Datenschutz"},"content":{"rendered":"<div class=\"row\">\r\n<div class=\"col-md-3 offset-md-1 offset-lg-2\">\r\n<h3>1. Inhalt des Onlineangebotes<\/h3>\r\n<\/div>\r\n<div class=\"col-md-7 col-lg-5\">\r\n<p>\r\nDer Autor \u00fcbernimmt keine Gew\u00e4hr f\u00fcr die Aktualit\u00e4t, Korrektheit und Vollst\u00e4ndigkeit der auf diesen Seiten bereitgestellten Informationen. Grunds\u00e4tzlich ausgeschlossen werden Haftungsanspr\u00fcche gegen den Autor dieser Seiten, die sich auf Sch\u00e4den materieller oder ideeller Art beziehen und durch die Nutzung oder Nichtnutzung der bereitgestellten Informationen bzw. falscher und unvollst\u00e4ndiger Informationen verursacht worden sind, sofern von Seiten des Autors kein nachweisbares vors\u00e4tzliches oder grob fahrl\u00e4ssiges Verschulden vorliegt. Alle Angebote sind frei und unverbindlich. Der Autor beh\u00e4lt es sich ausdr\u00fccklich vor, Teile seiner Seiten oder das gesamte Angebot ohne besondere Ank\u00fcndigung zu \u00e4ndern, zu erg\u00e4nzen, zu entfernen oder die Ver\u00f6ffentlichung zeitweise oder ganz einzustellen.\u00a0\r\n<\/p>\r\n<\/div>\r\n<\/div>\r\n\r\n<div class=\"row\">\r\n<div class=\"col-md-3 offset-md-1 offset-lg-2\">\r\n<h3>2. Verweise und Hyperlinks<\/h3>\r\n<\/div>\r\n<div class=\"col-md-7 col-lg-5\">\r\n<p>\r\nEine Haftungsverpflichtung bei direkten oder indirekten Verweisen auf fremde Internetseiten (\u00abLinks\u00bb), die nicht innerhalb des Verantwortungsbereiches des Autors liegen, w\u00fcrde ausschliesslich in Kraft treten, wenn der Autor Kenntnis von den Inhalten hat und es technisch realisierbar und zumutbar w\u00e4re, die Nutzung im Falle von rechtswidrigen Inhalten zu verhindern. Hiermit wird ausdr\u00fccklich vom Autor erkl\u00e4rt, dass zum Zeitpunkt der Linksetzung auf den zu verlinkenden Seiten keinerlei illegale Inhalte erkennbar waren. Der Autor verf\u00fcgt \u00fcber keinerlei Einfluss auf das aktuelle oder zuk\u00fcnftige Design, die dargestellten Inhalte oder die Urheberschaft der verlinkten Seiten. Aus diesem Grund distanziert sich der Autor von jeglichen Inhalten der verlinkten Seiten, die nach der Linksetzung ver\u00e4ndert wurden. Diese Aussage beh\u00e4lt ihre G\u00fcltigkeit f\u00fcr alle innerhalb des eigenen Internetangebotes gesetzten Links und Verweise sowie f\u00fcr externe Eintr\u00e4ge in vom Autor eingerichteten G\u00e4steb\u00fcchern und Mailinglisten. F\u00fcr alle illegalen, falschen oder nicht vollst\u00e4ndigen Inhalte und besonders f\u00fcr m\u00f6gliche Sch\u00e4den, die nach der Nutzung oder Nichtnutzung derlei angebotener Informationen entstehen, liegt die Haftung allein beim Anbieter der Seite, auf die verwiesen wurde.\r\n<\/p>\r\n<\/div>\r\n<\/div>\r\n\r\n<div class=\"row\">\r\n<div class=\"col-md-3 offset-md-1 offset-lg-2\">\r\n<h3>3. Urheber- und Kennzeichenrecht<\/h3>\r\n<\/div>\r\n<div class=\"col-md-7 col-lg-5\">\r\n<p>\r\nDer Autor achtet darauf, dass in allen Ver\u00f6ffentlichungen die Urheberrechte der verwendeten Bilder, Sounds, Videoszenen und Texte beachtet werden, selbst erstellte Bilder, Sounds, Videoszenen und Texte genutzt werden oder dass auf lizenzfreie Bilder, Sounds, Videoszenen und Texte zur\u00fcckgegriffen wird. Werden innerhalb des Internetangebotes gesch\u00fctzten Marken- und Warenzeichen genutzt oder ggf. durch Dritte genannt, unterliegen diese ohne Ausnahme den Bestimmungen des jeweils g\u00fcltigen Kennzeichenrechts und den Besitzrechten der jeweiligen eingetragenen Eigent\u00fcmer. Aufgrund der alleinigen Nennung kann nicht der Schluss gezogen werden, dass diese Markenzeichen nicht durch die Rechte Dritter gesch\u00fctzt werden! Das Urheberrecht f\u00fcr ver\u00f6ffentlichte und selbst erarbeitete Objekte bleibt allein beim Autor der Seite. Die Vervielf\u00e4ltigung und die Verwendung dieser Bilder, Sounds, Videoszenen und Texte in anderen elektronischen oder gedruckten Publikationen sind ohne die ausdr\u00fcckliche Zustimmung des Autors nicht gestattet.\r\n<\/p>\r\n<\/div>\r\n<\/div>\r\n\r\n<div class=\"row\">\r\n<div class=\"col-md-3 offset-md-1 offset-lg-2\">\r\n<h3>4. Datenschutz<\/h3>\r\n<\/div>\r\n<div class=\"col-md-7 col-lg-5\">\r\n<p>\r\nWerden innerhalb des Onlineangebotes M\u00f6glichkeiten angeboten, pers\u00f6nliche oder gesch\u00e4ftliche Daten (E-Mailadressen, Namen, Anschriften) einzugeben, so erfolgt dies ausdr\u00fccklich auf freiwilliger Basis seitens des Nutzers.\r\n<\/p>\r\n<\/div>\r\n<\/div>\r\n\r\n<div class=\"row\">\r\n<div class=\"col-md-3 offset-md-1 offset-lg-2\">\r\n<h3>5. Datenschutz Google Analytics Erkl\u00e4rung<\/h3>\r\n<\/div>\r\n<div class=\"col-md-7 col-lg-5\">\r\n<p>\r\nDiese Website benutzt Google Analytics, einen Webanalysedienst der Google Inc. (\u201eGoogle\u201c). Google Analytics verwendet sog. \u201eCookies\u201c, Textdateien, die auf Ihrem Computer gespeichert werden und die eine Analyse der Benutzung der Website durch Sie erm\u00f6glichen. Die durch den Cookie erzeugten Informationen \u00fcber Ihre Benutzung dieser Website (einschliesslich Ihrer IP-Adresse) wird an einen Server von Google in den USA \u00fcbertragen und dort gespeichert. Google wird diese Informationen benutzen, um Ihre Nutzung der Website auszuwerten, um Reports \u00fcber die Websiteaktivit\u00e4ten f\u00fcr die Websitebetreiber zusammenzustellen und um weitere mit der Websitenutzung und der Internetnutzung verbundene Dienstleistungen zu erbringen. Auch wird Google diese Informationen gegebenenfalls an Dritte \u00fcbertragen, sofern dies gesetzlich vorgeschrieben oder soweit Dritte diese Daten im Auftrag von Google verarbeiten. Google wird in keinem Fall Ihre IP-Adresse mit anderen Daten von Google in Verbindung bringen. Sie k\u00f6nnen die Installation der Cookies durch eine entsprechende Einstellung Ihrer Browser Software verhindern; wir weisen Sie jedoch darauf hin, dass Sie in diesem Fall gegebenenfalls nicht s\u00e4mtliche Funktionen dieser Website vollumf\u00e4nglich nutzen k\u00f6nnen. Durch die Nutzung dieser Website erkl\u00e4ren Sie sich mit der Bearbeitung der \u00fcber Sie erhobenen Daten durch Google in der zuvor beschriebenen Art und Weise und zu dem zuvor benannten Zweck einverstanden.\r\n<\/p>\r\n<\/div>\r\n<\/div>\r\n\r\n<div class=\"row\">\r\n<div class=\"col-md-3 offset-md-1 offset-lg-2\">\r\n<h3>6. Rechtswirksamkeit dieses Haftungsausschlusses<\/h3>\r\n<\/div>\r\n<div class=\"col-md-7 col-lg-5\">\r\n<p>\r\nEs gilt, diesen Haftungsausschluss als einen Teil des Onlineangebotes zu betrachten, von dem aus auf diese Seiten hingewiesen wurde. Sollten einzelne Abschnitte oder Formulierungen dieses Textes nicht mehr der geltenden Rechtslage entsprechen oder nicht vollst\u00e4ndig sein, bleiben alle anderen Teile des Dokumentes hinsichtlich ihres Inhalts und dessen G\u00fcltigkeit unber\u00fchrt.\r\n<\/p>\r\n<\/div>\r\n<\/div>\r\n","protected":false},"excerpt":{"rendered":"1. Inhalt des Onlineangebotes Der Autor \u00fcbernimmt keine Gew\u00e4hr f\u00fcr die Aktualit\u00e4t, Korrektheit und Vollst\u00e4ndigkeit der auf diesen Seiten bereitgestellten Informationen. Grunds\u00e4tzlich ausgeschlossen werden Haftungsanspr\u00fcche gegen den Autor dieser Seiten, die sich auf Sch\u00e4den materieller oder ideeller Art beziehen und durch die Nutzung oder Nichtnutzung der bereitgestellten Informationen bzw. falscher und unvollst\u00e4ndiger Informationen verursacht worden [&hellip;]","protected":false},"author":1,"featured_media":1458,"parent":0,"menu_order":0,"comment_status":"closed","ping_status":"closed","template":"","meta":{"footnotes":""},"class_list":["post-1232","page","type-page","status-publish","has-post-thumbnail","hentry"],"_links":{"self":[{"href":"https:\/\/cliniquedeliposuccion.ch\/de\/wp-json\/wp\/v2\/pages\/1232","targetHints":{"allow":["GET"]}}],"collection":[{"href":"https:\/\/cliniquedeliposuccion.ch\/de\/wp-json\/wp\/v2\/pages"}],"about":[{"href":"https:\/\/cliniquedeliposuccion.ch\/de\/wp-json\/wp\/v2\/types\/page"}],"author":[{"embeddable":true,"href":"https:\/\/cliniquedeliposuccion.ch\/de\/wp-json\/wp\/v2\/users\/1"}],"replies":[{"embeddable":true,"href":"https:\/\/cliniquedeliposuccion.ch\/de\/wp-json\/wp\/v2\/comments?post=1232"}],"version-history":[{"count":1,"href":"https:\/\/cliniquedeliposuccion.ch\/de\/wp-json\/wp\/v2\/pages\/1232\/revisions"}],"predecessor-version":[{"id":1233,"href":"https:\/\/cliniquedeliposuccion.ch\/de\/wp-json\/wp\/v2\/pages\/1232\/revisions\/1233"}],"wp:featuredmedia":[{"embeddable":true,"href":"https:\/\/cliniquedeliposuccion.ch\/de\/wp-json\/wp\/v2\/media\/1458"}],"wp:attachment":[{"href":"https:\/\/cliniquedeliposuccion.ch\/de\/wp-json\/wp\/v2\/media?parent=1232"}],"curies":[{"name":"wp","href":"https:\/\/api.w.org\/{rel}","templated":true}]}}