{"id":1241,"date":"2019-01-18T09:53:54","date_gmt":"2019-01-18T09:53:54","guid":{"rendered":"https:\/\/cliniquedeliposuccion.ch\/?page_id=1241"},"modified":"2019-07-12T13:26:10","modified_gmt":"2019-07-12T13:26:10","slug":"allgemeine-geschaeftsbedingungen","status":"publish","type":"page","link":"https:\/\/cliniquedeliposuccion.ch\/de\/allgemeine-geschaeftsbedingungen\/","title":{"rendered":"Allgemeine<br> Gesch\u00e4ftsbedingungen"},"content":{"rendered":"<div class=\"row\">\r\n<div class=\"col-md-3 offset-md-1 offset-lg-2\">\r\n<h3>Termine und Preise<\/h3>\r\n<\/div>\r\n<div class=\"col-md-7 col-lg-5\">\r\n<p>\r\nEin Nichterscheinen f\u00fcr Termine der Aesthetischen Medizin und Aesthetischen Chirurgie wird mit 200 CHF f\u00fcr Beratungstermine bzw. auch mit dem vollst\u00e4ndigen Behandlungspreis bei Behandlungsterminen in Rechnung gestellt, sollten diese nicht mindestens 24 Stunden vorher schriftlich abgesagt werden. Dies gilt auch f\u00fcr Beratungstermine.\r\nDen Patienten f\u00fcr Eingriffe der Aesthtischen Chirurgie die den Operationstermin nicht mindestens 24 Stunden vorher absagen, muss der vollst\u00e4ndige Operationspreis in Rechnung gestellt werden. Bei absagen 24 bis 48 Stunden vor Operationstermin, werden 80 % des Operationspreises berechnet, bei Absage 1 Woche bis 48 Stunden vor Termin 20 % des Operationspreises. Durch Dr. Favre selbst aus gesundheitlichen oder medizinischen Gr\u00fcnden abgesagte Termine k\u00f6nnen erstattet oder entsch\u00e4digt werden. Ein Alternativtermin wird in diesem Fall kostenfrei angeboten. Die Absage erfolgt schriftlich.\u00a0\r\nGrunds\u00e4tzlich werden alle Korrektureingriffe nach Operationen nach individueller Absprache kostenpflichtig durchgef\u00fchrt.\r\n<\/p>\r\n<\/div>\r\n<\/div>","protected":false},"excerpt":{"rendered":"Termine und Preise Ein Nichterscheinen f\u00fcr Termine der Aesthetischen Medizin und Aesthetischen Chirurgie wird mit 200 CHF f\u00fcr Beratungstermine bzw. auch mit dem vollst\u00e4ndigen Behandlungspreis bei Behandlungsterminen in Rechnung gestellt, sollten diese nicht mindestens 24 Stunden vorher schriftlich abgesagt werden. Dies gilt auch f\u00fcr Beratungstermine. Den Patienten f\u00fcr Eingriffe der Aesthtischen Chirurgie die den Operationstermin [&hellip;]","protected":false},"author":1,"featured_media":1458,"parent":0,"menu_order":0,"comment_status":"closed","ping_status":"closed","template":"","meta":{"footnotes":""},"class_list":["post-1241","page","type-page","status-publish","has-post-thumbnail","hentry"],"_links":{"self":[{"href":"https:\/\/cliniquedeliposuccion.ch\/de\/wp-json\/wp\/v2\/pages\/1241","targetHints":{"allow":["GET"]}}],"collection":[{"href":"https:\/\/cliniquedeliposuccion.ch\/de\/wp-json\/wp\/v2\/pages"}],"about":[{"href":"https:\/\/cliniquedeliposuccion.ch\/de\/wp-json\/wp\/v2\/types\/page"}],"author":[{"embeddable":true,"href":"https:\/\/cliniquedeliposuccion.ch\/de\/wp-json\/wp\/v2\/users\/1"}],"replies":[{"embeddable":true,"href":"https:\/\/cliniquedeliposuccion.ch\/de\/wp-json\/wp\/v2\/comments?post=1241"}],"version-history":[{"count":4,"href":"https:\/\/cliniquedeliposuccion.ch\/de\/wp-json\/wp\/v2\/pages\/1241\/revisions"}],"predecessor-version":[{"id":1246,"href":"https:\/\/cliniquedeliposuccion.ch\/de\/wp-json\/wp\/v2\/pages\/1241\/revisions\/1246"}],"wp:featuredmedia":[{"embeddable":true,"href":"https:\/\/cliniquedeliposuccion.ch\/de\/wp-json\/wp\/v2\/media\/1458"}],"wp:attachment":[{"href":"https:\/\/cliniquedeliposuccion.ch\/de\/wp-json\/wp\/v2\/media?parent=1241"}],"curies":[{"name":"wp","href":"https:\/\/api.w.org\/{rel}","templated":true}]}}