{"id":2277,"date":"2020-09-10T15:38:02","date_gmt":"2020-09-10T15:38:02","guid":{"rendered":"https:\/\/cliniquedeliposuccion.ch\/a-propos-de-nous-3\/"},"modified":"2022-01-13T15:54:46","modified_gmt":"2022-01-13T15:54:46","slug":"a-propos-de-nous-3","status":"publish","type":"page","link":"https:\/\/cliniquedeliposuccion.ch\/de\/a-propos-de-nous-3\/","title":{"rendered":"\u00dcber uns"},"content":{"rendered":"\n<div class=\"row\">\n<div class=\"col-md-10 col-lg-8 aligncenter\">\n<p class=\"lead\" style=\"text-align:left\">Der Name Bellefontaine ist inspiriert von dem Geb\u00e4ude der Klinik in dessen Eingangshalle sich ein Brunnen aus dem Jahr 1926 befindet. In Bellefontaine bieten wir Ihnen die modernsten Techniken auf dem Gebiet der Medizin und Sch\u00f6nheitschirurgie in einem Zentrum mit h\u00f6chsten Sicherheits- und Qualit\u00e4tsstandards. Die Klinik- und Operationsr\u00e4ume sind FMH anerkannt und zertifiziert. Sie erf\u00fcllen h\u00f6chste Sicherheits und Qualit\u00e4tsstandards. Mit Standort in Lausanne, bietet die Klinik Bellefontaine unter der Leitung von Dr. med. Yann Favre individuelle chirurgische Eingriffe in ambulantem Setting.<\/p>\n<\/div>\n<\/div>\n\n\n\n<div class=\"row row-portrait align-items-center row-spacer-top\">\n    <div class=\"col-lg-4\"><img decoding=\"async\" src=\"https:\/\/cliniquedeliposuccion.ch\/wp-content\/uploads\/2020\/09\/Bellefontaine-Yann-Favre-Portrait.jpg\" alt=\"Portrait Dr. m\u00e9d. Yann Favre\"><\/div>\n    <div class=\"col-lg-7\">\n        <div class=\"vertical-center\">\n        <p style=\"text-align: left\">\n            Erlauben Sie mir, mich vorzustellen.<br>\n            \u00abMein Name ist Yann Favre, ich bin Schweizer Facharzt f\u00fcr Plastische Chirurgie FMH und EBOPRAS,\n            rekonstruktiv und \u00e4sthetisch und Gr\u00fcnder der Klinik Bellefontaine. Ich wurde 1976 in Lausanne geboren und\n            Ich bin in Pully aufgewachsen und ausgebildet worden. Ich habe in Lausanne Medizin studiert und zur gleichen Zeit\n            einen Abschluss in Naturwissenschaften an der Universit\u00e4t Genf.\nMein Interesse an der Sch\u00f6nheitschirurgie wurde zu Beginn meines Medizinstudiums geweckt. Ich habe Folgendes aufgef\u00fchrt\n            meine Ausbildung in der Schweiz am Kantonsspital Aarau und in Europa an den Universit\u00e4tsspit\u00e4lern von Br\u00fcssel, und\n            aus Luxemburg, wo ich als Arzt in der plastischen, \u00e4sthetischen und rekonstruktiven Chirurgie t\u00e4tig war. Meine\n            die pers\u00f6nliche und berufliche Karriere hat sich in Z\u00fcrich, wo ich gearbeitet habe, besonders gut entwickelt\n            8 Jahre lang und perfektionierte meine Techniken in Chirurgie und \u00e4sthetischer Medizin.\u00bb<\/p>\n    <\/div>\n<\/div>\n<\/div>\n\n\n\n<div class=\"row row-spacer-top\">\n<div class=\"col\">\n<h1>Ihr Bellefontaine-Team<\/h1>\n<\/div>\n<\/div>\n<hr>\n\n\n\n<div class=\"row row-apropos\">\n    <div class=\"col-12 col-md-6 col-lg-4\">\n        <div class=\"portrait-wraper\">\n            <div class=\"content-fadein\">\n                <div class=\"aligncenter\">\n                    <h2>\n                        Dr. Yann Favre\n                    <\/h2>\n                    <hr>\n                    <p>\n                        Dr. Yann Favre ist ein Schweizer FMH- und EBOPRAS-Spezialist f\u00fcr plastische, rekonstruktive und \u00e4sthetische Chirurgie. Er ist der Gr\u00fcnder der Klinik Bellefontaine. Er steht Ihnen zur Verf\u00fcgung, um Ihnen ehrliche Beratung und qualitativ hochwertige Behandlungen zu bieten.\n\n                    <\/p>\n                <\/div>\n            <\/div>\n            <img decoding=\"async\" class=\"portrait-thumbnail\" src=\"https:\/\/cliniquedeliposuccion.ch\/wp-content\/uploads\/2020\/09\/Bellefontaine-Yann.jpg\" alt=\"Dr. m\u00e9d Yann Favre\">\n        <\/div>\n    <\/div>\n    <div class=\"col-12 col-md-6 col-lg-4\">\n        <div class=\"portrait-wraper\">\n            <div class=\"content-fadein\">\n                <div class=\"aligncenter\">\n                    <h2>\n                        G\u00fclkan \u00d6zcan\n                    <\/h2>\n                    <hr>\n                    <p>\n                        G\u00fclkan wird Sie am Tag der Operation mit gro\u00dfem Einf\u00fchlungsverm\u00f6gen und Herzlichkeit begleiten. Bei ihr sind Sie in den besten H\u00e4nden &#8211; sie erf\u00fcllt alle W\u00fcnsche unserer Patienten. Mit ihrer warmen, liebevollen und einf\u00fchlsamen Art nimmt sie alle Nervosit\u00e4t weg.\n\n                    <\/p>\n                <\/div>\n            <\/div>\n            <img decoding=\"async\" class=\"portrait-thumbnail\" src=\"https:\/\/cliniquedeliposuccion.ch\/wp-content\/uploads\/2020\/09\/Bellefontaine-Gulkan.jpg\" alt=\"G\u00fclkan \u00d6zcan\">\n        <\/div>\n    <\/div>\n    <div class=\"col-12 col-md-6 col-lg-4\">\n        <div class=\"portrait-wraper\">\n            <div class=\"content-fadein\">\n                <div class=\"aligncenter\">\n                    <h2>\n                        In\u00e8s Lauzet\n                    <\/h2>\n                    <hr>\n                    <p>\n                        In den H\u00e4nden von Ines sind Sie gut aufgehoben, und ihr entgeht nichts. Ines ist ein Multitalent mit langj\u00e4hriger Erfahrung als medizinische \u00c4sthetikerin. In\u00e8s wird Sie mit H\u00f6flichkeit und Einf\u00fchlungsverm\u00f6gen empfangen.\n\n                    <\/p>\n                <\/div>\n            <\/div>\n            <img decoding=\"async\" class=\"portrait-thumbnail\" src=\"https:\/\/cliniquedeliposuccion.ch\/wp-content\/uploads\/2020\/09\/Bellefontaine-ines.jpg\" alt=\"In\u00e8s Lauzet\">\n        <\/div>\n    <\/div>\n    <div class=\"col-12 col-md-6 col-lg-4\">\n        <div class=\"portrait-wraper\">\n            <div class=\"content-fadein\">\n                <div class=\"aligncenter\">\n                    <h2>\n                        Lo\u00efse Notin\n                    <\/h2>\n                    <hr>\n                    <p>\n                        Lo\u00efse wird Sie mit einem L\u00e4cheln in der Klinik Bellefontaine empfangen. Sie ist ein einzigartiges Talent mit langj\u00e4hriger Erfahrung als Kosmetikerin und Empfangsdame.\n\n                    <\/p>\n                <\/div>\n            <\/div>\n            <img decoding=\"async\" class=\"portrait-thumbnail\" src=\"https:\/\/cliniquedeliposuccion.ch\/wp-content\/uploads\/2021\/11\/BF_LOUISE_0022.jpg\" alt=\"Lo\u00efse Notin\">\n        <\/div>\n    <\/div>\n    <div class=\"col-12 col-md-6 col-lg-4\">\n        <div class=\"portrait-wraper\">\n            <div class=\"content-fadein\">\n                <div class=\"aligncenter\">\n                    <h2>\n                        Dr. Miriam Pyka\n                    <\/h2>\n                    <hr>\n                    <p>\n                        Dr. Miriam Pyka hat an der Universit\u00e4t Erlangen in Deutschland Medizin studiert und ihre Dissertation an der Universit\u00e4t Z\u00fcrich abgeschlossen. Dr. Pyka hat an der Universit\u00e4t Erlangen in Deutschland promoviert und ihre Doktorarbeit an der Universit\u00e4t Z\u00fcrich angefertigt. Dr. Pyka arbeitet seit mehreren Jahren eng mit der Klinik Bellefontaine zusammen. Sie wird Sie mit einem L\u00e4cheln und Einf\u00fchlungsverm\u00f6gen empfangen.\n\n                    <\/p>\n                <\/div>\n            <\/div>\n            <img decoding=\"async\" class=\"portrait-thumbnail\" src=\"https:\/\/cliniquedeliposuccion.ch\/wp-content\/uploads\/2020\/09\/Bellefontaine-Myriam.jpg\" alt=\"Dre. Miriam Pyka\">\n        <\/div>\n    <\/div>\n    <div class=\"col-12 col-md-6 col-lg-4\">\n        <div class=\"portrait-wraper\">\n            <div class=\"content-fadein\">\n                <div class=\"aligncenter\">\n                    <h2>\n                        Estefania\n                    <\/h2>\n                    <hr>\n                    <p>\n                        Verantwortlich f\u00fcr die Instandhaltung und Hygiene der R\u00e4ume. Sie gibt der Klinik den Glanz.\n                    <\/p>\n                <\/div>\n            <\/div>\n            <img decoding=\"async\" class=\"portrait-thumbnail\" src=\"https:\/\/cliniquedeliposuccion.ch\/wp-content\/uploads\/2021\/11\/BF_STEFANIA_0021.jpg\" alt=\"Estefania\">\n        <\/div>\n    <\/div>\n\n<\/div>\n","protected":false},"excerpt":{"rendered":"Der Name Bellefontaine ist inspiriert von dem Geb\u00e4ude der Klinik in dessen Eingangshalle sich ein Brunnen aus dem Jahr 1926 befindet. In Bellefontaine bieten wir Ihnen die modernsten Techniken auf dem Gebiet der Medizin und Sch\u00f6nheitschirurgie in einem Zentrum mit h\u00f6chsten Sicherheits- und Qualit\u00e4tsstandards. Die Klinik- und Operationsr\u00e4ume sind FMH anerkannt und zertifiziert. Sie erf\u00fcllen [&hellip;]","protected":false},"author":1,"featured_media":2232,"parent":0,"menu_order":0,"comment_status":"closed","ping_status":"closed","template":"page-team.php","meta":{"footnotes":""},"class_list":["post-2277","page","type-page","status-publish","has-post-thumbnail","hentry"],"_links":{"self":[{"href":"https:\/\/cliniquedeliposuccion.ch\/de\/wp-json\/wp\/v2\/pages\/2277","targetHints":{"allow":["GET"]}}],"collection":[{"href":"https:\/\/cliniquedeliposuccion.ch\/de\/wp-json\/wp\/v2\/pages"}],"about":[{"href":"https:\/\/cliniquedeliposuccion.ch\/de\/wp-json\/wp\/v2\/types\/page"}],"author":[{"embeddable":true,"href":"https:\/\/cliniquedeliposuccion.ch\/de\/wp-json\/wp\/v2\/users\/1"}],"replies":[{"embeddable":true,"href":"https:\/\/cliniquedeliposuccion.ch\/de\/wp-json\/wp\/v2\/comments?post=2277"}],"version-history":[{"count":6,"href":"https:\/\/cliniquedeliposuccion.ch\/de\/wp-json\/wp\/v2\/pages\/2277\/revisions"}],"predecessor-version":[{"id":4413,"href":"https:\/\/cliniquedeliposuccion.ch\/de\/wp-json\/wp\/v2\/pages\/2277\/revisions\/4413"}],"wp:featuredmedia":[{"embeddable":true,"href":"https:\/\/cliniquedeliposuccion.ch\/de\/wp-json\/wp\/v2\/media\/2232"}],"wp:attachment":[{"href":"https:\/\/cliniquedeliposuccion.ch\/de\/wp-json\/wp\/v2\/media?parent=2277"}],"curies":[{"name":"wp","href":"https:\/\/api.w.org\/{rel}","templated":true}]}}