{"id":342,"date":"2018-11-02T13:42:45","date_gmt":"2018-11-02T13:42:45","guid":{"rendered":"https:\/\/cliniquedeliposuccion.ch\/?page_id=342"},"modified":"2026-03-10T10:04:41","modified_gmt":"2026-03-10T10:04:41","slug":"kontakt","status":"publish","type":"page","link":"https:\/\/cliniquedeliposuccion.ch\/de\/kontakt\/","title":{"rendered":"Kontakt"},"content":{"rendered":"<div class=\"row\">\n<div class=\"col col-md-10 offset-md-1\">\n<div class=\"row\">\n<div class=\"col-md\">\n<div class=\"entry-header--block\"><img decoding=\"async\" src=\"https:\/\/cliniquedeliposuccion.ch\/wp-content\/uploads\/2018\/11\/map.png\" alt=\"Karten Icon\">\n<h3>Wo wir sind<\/h3>\nBelle-Fontaine 2\n1003 Lausanne\n\n<\/div>\n<\/div>\n<div class=\"col-md\">\n<div class=\"entry-header--block\"><img decoding=\"async\" src=\"https:\/\/cliniquedeliposuccion.ch\/wp-content\/uploads\/2018\/11\/telefon.png\" alt=\"Telefon Icon\">\n<h3>Rufen Sie uns an<\/h3>\nRufen Sie uns an unter\n<a href=\"tel:+41216013333\">+41 21 601 33 33<\/a>\n\n<\/div>\n<\/div>\n<div class=\"col-md\">\n<div class=\"entry-header--block\"><img decoding=\"async\" src=\"https:\/\/cliniquedeliposuccion.ch\/wp-content\/uploads\/2018\/11\/email.png\" alt=\"E-Mail Icon\">\n<h3>Schreiben Sie uns<\/h3>\nSchreiben Sie uns eine E-Mail an info@belle-fontaine.ch.\n\n<\/div>\n<\/div>\n<\/div>\n<\/div>\n<\/div>\n<div class=\"row\">\n<div class=\"col\">\n<h2>Kontaktieren Sie uns<\/h2>\n<\/div>\n<\/div>\n\n<hr>\n\n<div class=\"row\">\n<div class=\"col-md-10 col-lg-8 aligncenter\">\n<p class=\"lead \">Haben Sie Fragen oder w\u00fcnschen Sie einen Termin bei uns ? Sie k\u00f6nnen uns Ihr Anliegen gerne \u00fcber unser Kontaktformular schreiben oder rufen Sie uns unter <a href=\"tel:+41216013333\">+41 21 601 33 33<\/a> an. Wir freuen uns auf Sie!<\/p>\n\n<\/div>\n<\/div>\n<div class=\"row\">\n<div class=\"col-md-10 col-lg-8 offset-md-1 offset-lg-2\"><noscript class=\"ninja-forms-noscript-message\">\n\tHinweis: F\u00fcr diesen Inhalt ist JavaScript erforderlich.<\/noscript>\n<div id=\"nf-form-2-cont\" class=\"nf-form-cont\" aria-live=\"polite\" aria-labelledby=\"nf-form-title-2\" aria-describedby=\"nf-form-errors-2\" role=\"form\">\n\n    <div class=\"nf-loading-spinner\"><\/div>\n\n<\/div>\n        <!-- That data is being printed as a workaround to page builders reordering the order of the scripts loaded-->\n        <script>var formDisplay=1;var nfForms=nfForms||[];var form=[];form.id='2';form.settings={\"objectType\":\"Form Setting\",\"editActive\":true,\"title\":\"Kontakt\",\"key\":\"\",\"created_at\":\"2018-10-29 10:50:01\",\"show_title\":0,\"clear_complete\":\"1\",\"hide_complete\":0,\"currency\":\"usd\",\"wrapper_class\":\"\",\"element_class\":\"\",\"add_submit\":\"0\",\"logged_in\":\"\",\"not_logged_in_msg\":\"\",\"sub_limit_number\":\"\",\"sub_limit_msg\":\"\",\"fieldContentsData\":\"\",\"default_label_pos\":\"above\",\"unique_field_error\":\"Ein Formular mit diesem Wert wurde bereits \\u00fcbermittelt.\",\"calculations\":[],\"formContentData\":[\"vorname_1540810238424\",\"nachname_1540810246311\",\"e-mail_1540810250247\",\"telefon_1540810258326\",\"wuenschen_sie_einen_rueckruf_1556624355889\",\"wann_sollen_wir_sie_zurueckrufen_1556624463005\",\"mitteilung_1540810295214\",\"foto_hochladen_1540817922967\",\"formular_absenden_1541077545758\",\"type_formulaire_1763543315473\",\"gclid_1763540204790\"],\"changeEmailErrorMsg\":\"Bitte gib eine g\\u00fcltige E-Mail-Adresse ein.\",\"changeDateErrorMsg\":\"Bitte gib ein g\\u00fcltiges Datum ein!\",\"confirmFieldErrorMsg\":\"Diese Felder m\\u00fcssen \\u00fcbereinstimmen!\",\"fieldNumberNumMinError\":\"Die eingegebene Zahl ist zu klein.\",\"fieldNumberNumMaxError\":\"Die eingegebene Zahl ist zu gross.\",\"fieldNumberIncrementBy\":\"Bitte erh\\u00f6hen in Schritten von\",\"formErrorsCorrectErrors\":\"Bitte korrigiere die Fehler, bevor du das Formular sendest.\",\"validateRequiredField\":\"Dies ist ein Pflichtfeld.\",\"honeypotHoneypotError\":\"Honeypot-Fehler\",\"fieldsMarkedRequired\":\"Felder mit einem <span class=\\\"ninja-forms-req-symbol\\\">*<\\\/span> sind Pflichtfelder\",\"drawerDisabled\":false,\"conditions\":[{\"collapsed\":false,\"process\":1,\"connector\":\"all\",\"when\":[{\"connector\":\"AND\",\"key\":\"wuenschen_sie_einen_rueckruf_1556624355889\",\"comparator\":\"equal\",\"value\":\"checked\",\"type\":\"field\",\"modelType\":\"when\"}],\"then\":[{\"key\":\"wann_sollen_wir_sie_zurueckrufen_1556624463005\",\"trigger\":\"show_field\",\"value\":\"\",\"type\":\"field\",\"modelType\":\"then\"}],\"else\":[{\"key\":\"wann_sollen_wir_sie_zurueckrufen_1556624463005\",\"trigger\":\"hide_field\",\"value\":\"\",\"type\":\"field\",\"modelType\":\"else\"}]}],\"allow_public_link\":0,\"embed_form\":\"\",\"ninjaForms\":\"Ninja Forms\",\"fieldTextareaRTEInsertLink\":\"Link einf\\u00fcgen\",\"fieldTextareaRTEInsertMedia\":\"Medien einf\\u00fcgen\",\"fieldTextareaRTESelectAFile\":\"Eine Datei ausw\\u00e4hlen\",\"formHoneypot\":\"Falls du ein Mensch bist und dieses Feld siehst, dann lasse es bitte leer.\",\"fileUploadOldCodeFileUploadInProgress\":\"Datei-Upload l\\u00e4uft.\",\"fileUploadOldCodeFileUpload\":\"DATEI-UPLOAD\",\"currencySymbol\":false,\"thousands_sep\":\".\",\"decimal_point\":\",\",\"siteLocale\":\"de_DE\",\"dateFormat\":\"m\\\/d\\\/Y\",\"startOfWeek\":\"1\",\"of\":\"von\",\"previousMonth\":\"Vorheriger Monat\",\"nextMonth\":\"N\\u00e4chster Monat\",\"months\":[\"Januar\",\"Februar\",\"M\\u00e4rz\",\"April\",\"Mai\",\"Juni\",\"Juli\",\"August\",\"September\",\"Oktober\",\"November\",\"Dezember\"],\"monthsShort\":[\"Jan.\",\"Feb.\",\"M\\u00e4rz\",\"Apr.\",\"Mai\",\"Juni\",\"Juli\",\"Aug\",\"Sep.\",\"Okt.\",\"Nov.\",\"Dez.\"],\"weekdays\":[\"Sonntag\",\"Montag\",\"Dienstag\",\"Mittwoch\",\"Donnerstag\",\"Freitag\",\"Samstag\"],\"weekdaysShort\":[\"So.\",\"Mo.\",\"Di.\",\"Mi.\",\"Do.\",\"Fr.\",\"Sa.\"],\"weekdaysMin\":[\"So.\",\"Mo.\",\"Di.\",\"Mi.\",\"Do.\",\"Fr.\",\"Sa.\"],\"recaptchaConsentMissing\":\"reCaptcha validation couldn&#039;t load.\",\"recaptchaMissingCookie\":\"reCaptcha v3 validation couldn&#039;t load the cookie needed to submit the form.\",\"recaptchaConsentEvent\":\"Accept reCaptcha cookies before sending the form.\",\"currency_symbol\":\"\",\"beforeForm\":\"\",\"beforeFields\":\"\",\"afterFields\":\"\",\"afterForm\":\"\"};form.fields=[{\"objectType\":\"Field\",\"objectDomain\":\"fields\",\"editActive\":false,\"order\":1,\"label\":\"Vorname\",\"key\":\"vorname_1540810238424\",\"type\":\"firstname\",\"created_at\":\"2018-10-29 10:50:01\",\"label_pos\":\"above\",\"required\":1,\"default\":\"\",\"placeholder\":\"\",\"container_class\":\"one-half first\",\"element_class\":\"\",\"admin_label\":\"\",\"help_text\":\"\",\"desc_text\":\"\",\"desc_pos\":\"\",\"custom_name_attribute\":\"fname\",\"personally_identifiable\":1,\"drawerDisabled\":false,\"value\":\"\",\"id\":17,\"beforeField\":\"\",\"afterField\":\"\",\"parentType\":\"firstname\",\"element_templates\":[\"firstname\",\"input\"],\"old_classname\":\"\",\"wrap_template\":\"wrap\"},{\"objectType\":\"Field\",\"objectDomain\":\"fields\",\"editActive\":false,\"order\":2,\"label\":\"Nachname\",\"key\":\"nachname_1540810246311\",\"type\":\"lastname\",\"created_at\":\"2018-10-29 10:50:01\",\"label_pos\":\"above\",\"required\":1,\"default\":\"\",\"placeholder\":\"\",\"container_class\":\"one-half\",\"element_class\":\"\",\"admin_label\":\"\",\"help_text\":\"\",\"desc_text\":\"\",\"desc_pos\":\"\",\"custom_name_attribute\":\"lname\",\"personally_identifiable\":1,\"value\":\"\",\"id\":18,\"beforeField\":\"\",\"afterField\":\"\",\"parentType\":\"lastname\",\"element_templates\":[\"lastname\",\"input\"],\"old_classname\":\"\",\"wrap_template\":\"wrap\"},{\"objectType\":\"Field\",\"objectDomain\":\"fields\",\"editActive\":false,\"order\":3,\"label\":\"E-Mail\",\"key\":\"e-mail_1540810250247\",\"type\":\"email\",\"created_at\":\"2018-10-29 10:50:01\",\"label_pos\":\"above\",\"required\":1,\"default\":\"\",\"placeholder\":\"\",\"container_class\":\"one-half first\",\"element_class\":\"\",\"admin_label\":\"\",\"help_text\":\"\",\"desc_text\":\"\",\"desc_pos\":\"\",\"custom_name_attribute\":\"email\",\"personally_identifiable\":1,\"value\":\"\",\"id\":19,\"beforeField\":\"\",\"afterField\":\"\",\"parentType\":\"email\",\"element_templates\":[\"email\",\"input\"],\"old_classname\":\"\",\"wrap_template\":\"wrap\"},{\"objectType\":\"Field\",\"objectDomain\":\"fields\",\"editActive\":false,\"order\":4,\"label\":\"Telefon\",\"key\":\"telefon_1540810258326\",\"type\":\"textbox\",\"created_at\":\"2018-10-29 10:50:01\",\"label_pos\":\"above\",\"required\":1,\"placeholder\":\"\",\"default\":\"\",\"container_class\":\"one-half\",\"element_class\":\"\",\"input_limit\":\"\",\"input_limit_type\":\"characters\",\"input_limit_message\":\"Character(s) left\",\"manual_key\":\"\",\"disable_input\":\"\",\"admin_label\":\"\",\"help_text\":\"\",\"desc_text\":\"\",\"desc_pos\":\"\",\"disable_browser_autocomplete\":\"\",\"mask\":\"\",\"custom_mask\":\"\",\"input_limit_msg\":\"verbleibende(s) Zeichen\",\"custom_name_attribute\":\"\",\"personally_identifiable\":\"\",\"drawerDisabled\":false,\"value\":\"\",\"id\":6,\"beforeField\":\"\",\"afterField\":\"\",\"parentType\":\"textbox\",\"element_templates\":[\"textbox\",\"input\"],\"old_classname\":\"\",\"wrap_template\":\"wrap\"},{\"objectType\":\"Field\",\"objectDomain\":\"fields\",\"editActive\":false,\"order\":5,\"type\":\"checkbox\",\"label\":\"W\\u00fcnschen Sie einen R\\u00fcckruf?\",\"key\":\"wuenschen_sie_einen_rueckruf_1556624355889\",\"label_pos\":\"right\",\"required\":false,\"container_class\":\"\",\"element_class\":\"\",\"manual_key\":false,\"admin_label\":\"\",\"help_text\":\"\",\"default_value\":\"unchecked\",\"checked_value\":\"Ausgew\\u00e4hlt\",\"unchecked_value\":\"Nicht ausgew\\u00e4hlt\",\"drawerDisabled\":false,\"id\":32,\"beforeField\":\"\",\"afterField\":\"\",\"value\":\"\",\"parentType\":\"checkbox\",\"element_templates\":[\"checkbox\",\"input\"],\"old_classname\":\"\",\"wrap_template\":\"wrap\"},{\"objectType\":\"Field\",\"objectDomain\":\"fields\",\"editActive\":false,\"order\":6,\"type\":\"textarea\",\"label\":\"Wann sollen wir Sie zur\\u00fcckrufen?\",\"key\":\"wann_sollen_wir_sie_zurueckrufen_1556624463005\",\"label_pos\":\"above\",\"required\":false,\"default\":\"\",\"placeholder\":\"\",\"container_class\":\"\",\"element_class\":\"\",\"input_limit\":\"\",\"input_limit_type\":\"characters\",\"input_limit_msg\":\"Zeichen \\u00fcbrig\",\"manual_key\":false,\"admin_label\":\"\",\"help_text\":\"\",\"textarea_rte\":\"\",\"disable_rte_mobile\":\"\",\"textarea_media\":\"\",\"drawerDisabled\":false,\"value\":\"\",\"id\":33,\"beforeField\":\"\",\"afterField\":\"\",\"parentType\":\"textarea\",\"element_templates\":[\"textarea\",\"input\"],\"old_classname\":\"\",\"wrap_template\":\"wrap\"},{\"objectType\":\"Field\",\"objectDomain\":\"fields\",\"editActive\":false,\"order\":7,\"type\":\"textarea\",\"label\":\"Mitteilung\",\"key\":\"mitteilung_1540810295214\",\"label_pos\":\"above\",\"required\":1,\"default\":\"\",\"placeholder\":\"\",\"container_class\":\"\",\"element_class\":\"\",\"input_limit\":\"\",\"input_limit_type\":\"characters\",\"input_limit_msg\":\"verbleibende(s) Zeichen\",\"manual_key\":false,\"admin_label\":\"\",\"help_text\":\"\",\"textarea_rte\":\"\",\"disable_rte_mobile\":\"\",\"textarea_media\":\"\",\"drawerDisabled\":false,\"value\":\"\",\"id\":20,\"beforeField\":\"\",\"afterField\":\"\",\"parentType\":\"textarea\",\"element_templates\":[\"textarea\",\"input\"],\"old_classname\":\"\",\"wrap_template\":\"wrap\"},{\"id\":0,\"label\":\"Foto hochladen\",\"order\":8,\"key\":\"foto_hochladen_1540817922967\",\"type\":\"unknown\",\"message\":\"Eingabefeld-Typ &quot;file_upload&quot; nicht gefunden.\",\"beforeField\":\"\",\"afterField\":\"\",\"value\":\"\",\"label_pos\":\"above\",\"parentType\":\"unknown\",\"element_templates\":[\"null\",\"hidden\",\"input\"],\"old_classname\":\"\",\"wrap_template\":\"wrap-no-label\"},{\"objectType\":\"Field\",\"objectDomain\":\"fields\",\"editActive\":false,\"order\":9,\"label\":\"Formular absenden\",\"key\":\"formular_absenden_1541077545758\",\"type\":\"submit\",\"created_at\":\"2018-10-29 10:50:01\",\"processing_label\":\"Processing\",\"container_class\":\"\",\"element_class\":\"\",\"drawerDisabled\":false,\"id\":11,\"beforeField\":\"\",\"afterField\":\"\",\"value\":\"\",\"label_pos\":\"above\",\"parentType\":\"textbox\",\"element_templates\":[\"submit\",\"button\",\"input\"],\"old_classname\":\"\",\"wrap_template\":\"wrap-no-label\"},{\"objectType\":\"Field\",\"objectDomain\":\"fields\",\"editActive\":false,\"order\":10,\"type\":\"hidden\",\"label\":\"Type_formulaire\",\"key\":\"type_formulaire_1763543315473\",\"default\":\"liposuccion - DE\",\"admin_label\":\"\",\"drawerDisabled\":false,\"id\":72,\"beforeField\":\"\",\"afterField\":\"\",\"value\":\"liposuccion - DE\",\"label_pos\":\"above\",\"parentType\":\"hidden\",\"element_templates\":[\"hidden\",\"input\"],\"old_classname\":\"\",\"wrap_template\":\"wrap-no-label\"},{\"objectType\":\"Field\",\"objectDomain\":\"fields\",\"editActive\":false,\"order\":11,\"type\":\"hidden\",\"label\":\"gclid\",\"key\":\"gclid_1763540204790\",\"default\":\"{querystring:gclid}\",\"admin_label\":\"\",\"drawerDisabled\":false,\"id\":71,\"beforeField\":\"\",\"afterField\":\"\",\"value\":\"\",\"label_pos\":\"above\",\"parentType\":\"hidden\",\"element_templates\":[\"hidden\",\"input\"],\"old_classname\":\"\",\"wrap_template\":\"wrap-no-label\"}];nfForms.push(form);<\/script>\n        <\/div>\n<\/div>","protected":false},"excerpt":{"rendered":"Wo wir sind Belle-Fontaine 2 1003 Lausanne Rufen Sie uns an Rufen Sie uns an unter +41 21 601 33 33 Schreiben Sie uns Schreiben Sie uns eine E-Mail an info@belle-fontaine.ch. Kontaktieren Sie uns Haben Sie Fragen oder w\u00fcnschen Sie einen Termin bei uns ? Sie k\u00f6nnen uns Ihr Anliegen gerne \u00fcber unser Kontaktformular schreiben [&hellip;]","protected":false},"author":1,"featured_media":353,"parent":0,"menu_order":0,"comment_status":"closed","ping_status":"closed","template":"page-contact.php","meta":{"footnotes":""},"class_list":["post-342","page","type-page","status-publish","has-post-thumbnail","hentry"],"_links":{"self":[{"href":"https:\/\/cliniquedeliposuccion.ch\/de\/wp-json\/wp\/v2\/pages\/342","targetHints":{"allow":["GET"]}}],"collection":[{"href":"https:\/\/cliniquedeliposuccion.ch\/de\/wp-json\/wp\/v2\/pages"}],"about":[{"href":"https:\/\/cliniquedeliposuccion.ch\/de\/wp-json\/wp\/v2\/types\/page"}],"author":[{"embeddable":true,"href":"https:\/\/cliniquedeliposuccion.ch\/de\/wp-json\/wp\/v2\/users\/1"}],"replies":[{"embeddable":true,"href":"https:\/\/cliniquedeliposuccion.ch\/de\/wp-json\/wp\/v2\/comments?post=342"}],"version-history":[{"count":23,"href":"https:\/\/cliniquedeliposuccion.ch\/de\/wp-json\/wp\/v2\/pages\/342\/revisions"}],"predecessor-version":[{"id":7465,"href":"https:\/\/cliniquedeliposuccion.ch\/de\/wp-json\/wp\/v2\/pages\/342\/revisions\/7465"}],"wp:featuredmedia":[{"embeddable":true,"href":"https:\/\/cliniquedeliposuccion.ch\/de\/wp-json\/wp\/v2\/media\/353"}],"wp:attachment":[{"href":"https:\/\/cliniquedeliposuccion.ch\/de\/wp-json\/wp\/v2\/media?parent=342"}],"curies":[{"name":"wp","href":"https:\/\/api.w.org\/{rel}","templated":true}]}}