{"id":356,"date":"2018-11-02T16:13:22","date_gmt":"2018-11-02T16:13:22","guid":{"rendered":"https:\/\/cliniquedeliposuccion.ch\/?page_id=356"},"modified":"2019-07-12T12:59:31","modified_gmt":"2019-07-12T12:59:31","slug":"preise","status":"publish","type":"page","link":"https:\/\/cliniquedeliposuccion.ch\/de\/preise\/","title":{"rendered":"Preise"},"content":{"rendered":"<div class=\"row\">\r\n<div class=\"col-md-10 col-lg-8 aligncenter\">\r\n<p class=\"lead \">Die Preise f\u00fcr eine \u00e4sthetisch-medizinische Behandlung sind unten aufgef\u00fchrt. Sie beinhaltet bei Bedarf eine kostenlose zus\u00e4tzliche Behandlung nach zwei Wochen. Die Preise f\u00fcr die Operationen h\u00e4ngen von mehreren Faktoren ab, wie z.B. der Dauer der Operation und der Wahl der Art der An\u00e4sthesie. Wenn Sie uns unter 044 221 33 44 kontaktieren oder das untenstehende Formular ausf\u00fcllen, werden wir Ihnen so schnell wie m\u00f6glich und unverbindlich ein Angebot f\u00fcr Ihre zuk\u00fcnftige Operation unterbreiten.<\/p>\r\n\r\n<\/div>\r\n<\/div>\r\n<div class=\"row\">\r\n<div class=\"col\">\r\n<h2>Aesthetische Medizin<\/h2>\r\n<\/div>\r\n<\/div>\r\n\r\n<hr \/>\r\n\r\n<div class=\"row\">\r\n<div class=\"col-md-3 offset-md-1 offset-lg-2\">\r\n<h3>Gesichtsbehandlung mit Botulinum<\/h3>\r\n<\/div>\r\n<div class=\"col-md-7 col-lg-5\">\r\n<table>\r\n<tbody>\r\n<tr>\r\n<th colspan=\"2\">Einzelregion<\/th>\r\n<\/tr>\r\n<tr>\r\n<td>Zornesfalten<\/td>\r\n<td>400.\u2013 bis 500.\u2013<\/td>\r\n<\/tr>\r\n<tr>\r\n<td>Stirnfalten inkl. Zornesflaten<\/td>\r\n<td>500.\u2013 bis 600.\u2013<\/td>\r\n<\/tr>\r\n<tr>\r\n<td>Kr\u00e4henf\u00fcsse<\/td>\r\n<td>300.\u2013 bis 400.\u2013<\/td>\r\n<\/tr>\r\n<tr>\r\n<td>Kinn, Mundregion<\/td>\r\n<td>300.\u2013<\/td>\r\n<\/tr>\r\n<tr>\r\n<td>Verkleinerung der Kaumuskel<\/td>\r\n<td>ab 600.\u2013<\/td>\r\n<\/tr>\r\n<tr>\r\n<td>Axilla: Botulinum gegen Schwitzen<\/td>\r\n<td>700.\u2013<\/td>\r\n<\/tr>\r\n<tr>\r\n<td colspan=\"2\"><\/td>\r\n<\/tr>\r\n<tr>\r\n<th colspan=\"2\">Mehrere Region<\/th>\r\n<\/tr>\r\n<tr>\r\n<td>Zornes- und Stirnfalten<\/td>\r\n<td>500.\u2013 bis 600.\u2013<\/td>\r\n<\/tr>\r\n<tr>\r\n<td>Zornesfalten und Kr\u00e4henf\u00fcsse<\/td>\r\n<td>600.\u2013 bis 700.\u2013<\/td>\r\n<\/tr>\r\n<tr>\r\n<td>Stirne + Zornesfalten + Kr\u00e4henf\u00fcsse<\/td>\r\n<td>700.\u2013 bis 800.\u2013<\/td>\r\n<\/tr>\r\n<tr>\r\n<td>Alle erw\u00fcnschte Regionen<\/td>\r\n<td>900.\u2013<\/td>\r\n<\/tr>\r\n<tr>\r\n<td colspan=\"2\"><\/td>\r\n<\/tr>\r\n<\/tbody>\r\n<\/table>\r\n<\/div>\r\n<\/div>\r\n<div class=\"row\">\r\n<div class=\"col-md-3 offset-md-1 offset-lg-2\">\r\n<h3>Gesichtsbehandlung mit Filler<\/h3>\r\n<\/div>\r\n<div class=\"col-md-7 col-lg-5\">\r\n<table>\r\n<tbody>\r\n<tr>\r\n<td>Nasolabialfalten<\/td>\r\n<td>600.\u2013 bis 800.\u2013<\/td>\r\n<\/tr>\r\n<tr>\r\n<td>Marionettenfalten -Mundwinken<\/td>\r\n<td>600.\u2013 bis 800.\u2013<\/td>\r\n<\/tr>\r\n<tr>\r\n<td>Augenringe<\/td>\r\n<td>700.\u2013 bis 900.\u2013<\/td>\r\n<\/tr>\r\n<tr>\r\n<td>Lippenvergr\u00f6sserung oder Falten der Lippenregion<\/td>\r\n<td>ab 600.\u2013<\/td>\r\n<\/tr>\r\n<tr>\r\n<td>Wangenfalten<\/td>\r\n<td>600.\u2013 bis 800.\u2013<\/td>\r\n<\/tr>\r\n<tr>\r\n<td>Volumenaufbau Wangen<\/td>\r\n<td>ab 800.\u2013<\/td>\r\n<\/tr>\r\n<tr>\r\n<td>Nasenkorrektur<\/td>\r\n<td>ab 600.\u2013<\/td>\r\n<\/tr>\r\n<tr>\r\n<td>Prejowls<\/td>\r\n<td>ab 600.\u2013<\/td>\r\n<\/tr>\r\n<tr>\r\n<td>Skinbooster (Aknebehandlung)<\/td>\r\n<td>1 Sitzung 600.\u2013\r\n3 Sitzungen 1400.\u2013<\/td>\r\n<\/tr>\r\n<tr>\r\n<td>Softlift Bellefontaine<\/td>\r\n<td><a href=\"#anfrage\">Offerte anfragen<\/a><\/td>\r\n<\/tr>\r\n<tr>\r\n<td colspan=\"2\"><\/td>\r\n<\/tr>\r\n<\/tbody>\r\n<\/table>\r\n<\/div>\r\n<\/div>\r\n<div class=\"row\">\r\n<div class=\"col-md-3 offset-md-1 offset-lg-2\">\r\n<h3>K\u00f6rperbehandlung mit Botulinum<\/h3>\r\n<\/div>\r\n<div class=\"col-md-7 col-lg-5\">\r\n<table>\r\n<tbody>\r\n<tr>\r\n<td>Schwitzbehandlung mit Botulinum &#8211; Achseln<\/td>\r\n<td>Ab 700.\u2013<\/td>\r\n<\/tr>\r\n<tr>\r\n<td>Schwitzbehanldung mit Botulinum \u2013 H\u00e4nde oder F\u00fcsse<\/td>\r\n<td>Ab 900.\u2013<\/td>\r\n<\/tr>\r\n<tr>\r\n<td colspan=\"2\"><\/td>\r\n<\/tr>\r\n<\/tbody>\r\n<\/table>\r\n<\/div>\r\n<\/div>\r\n<div class=\"row\">\r\n<div class=\"col-md-3 offset-md-1 offset-lg-2\">\r\n<h3>K\u00f6rperbehandlung mit Hyaluron<\/h3>\r\n<\/div>\r\n<div class=\"col-md-7 col-lg-5\">\r\n<table>\r\n<tbody>\r\n<tr>\r\n<td>Hydrationstherapie H\u00e4nde<\/td>\r\n<td>Ab 800.\u2013<\/td>\r\n<\/tr>\r\n<tr>\r\n<td>Hydratrionstherapie D\u00e9collet\u00e9<\/td>\r\n<td>Ab 800.\u2013<\/td>\r\n<\/tr>\r\n<tr>\r\n<td><\/td>\r\n<td>Alle Preise in CHF<\/td>\r\n<\/tr>\r\n<tr>\r\n<td colspan=\"2\"><\/td>\r\n<\/tr>\r\n<\/tbody>\r\n<\/table>\r\n<\/div>\r\n<\/div>\r\n<div class=\"row\">\r\n<div class=\"col\">\r\n<h2>Operationen<\/h2>\r\n<\/div>\r\n<\/div>\r\n\r\n<hr \/>\r\n\r\n<div class=\"row\">\r\n<div class=\"col-md-10 col-lg-8 aligncenter\">\r\n<p class=\"lead \">Der Operationspreis ist abh\u00e4ngig von vielen verschiedenen Faktoren, wie Operationszeit, Wahl der An\u00e4sthesie usw. Rufen Sie uns an, oder f\u00fcllen Sie das untenstehende Formular aus um weitere Auskunft und eine kostenlose Offerte zu erhalten.<\/p>\r\n\r\n<\/div>\r\n<\/div>\r\n<div class=\"row\">\r\n<div class=\"col-md-3 offset-md-1 offset-lg-2\">\r\n<h3>K\u00f6rper<\/h3>\r\n<\/div>\r\n<div class=\"col-md-7 col-lg-5\">\r\n<table>\r\n<tbody>\r\n<tr>\r\n<th colspan=\"2\">Fett\u00fcberschuss<\/th>\r\n<\/tr>\r\n<tr>\r\n<td>Fettabsaugung<\/td>\r\n<td><a href=\"#anfrage\">Offerte anfragen<\/a><\/td>\r\n<\/tr>\r\n<tr>\r\n<td colspan=\"2\"><\/td>\r\n<\/tr>\r\n<tr>\r\n<th colspan=\"2\">Eigenfettunterspritzung<\/th>\r\n<\/tr>\r\n<tr>\r\n<td>Brustvergr\u00f6sserung<\/td>\r\n<td><a href=\"#anfrage\">Offerte anfragen<\/a><\/td>\r\n<\/tr>\r\n<tr>\r\n<td>Ges\u00e4ssvergr\u00f6sserung<\/td>\r\n<td><a href=\"#anfrage\">Offerte anfragen<\/a><\/td>\r\n<\/tr>\r\n<tr>\r\n<td>Faltenbehandlung<\/td>\r\n<td><a href=\"#anfrage\">Offerte anfragen<\/a><\/td>\r\n<\/tr>\r\n<tr>\r\n<td colspan=\"2\"><\/td>\r\n<\/tr>\r\n<tr>\r\n<th colspan=\"2\">Haut\u00fcberschuss<\/th>\r\n<\/tr>\r\n<tr>\r\n<td>Armstraffung<\/td>\r\n<td><a href=\"#anfrage\">Offerte anfragen<\/a><\/td>\r\n<\/tr>\r\n<tr>\r\n<td>Oberarmstraffung<\/td>\r\n<td><a href=\"#anfrage\">Offerte anfragen<\/a><\/td>\r\n<\/tr>\r\n<tr>\r\n<td>Oberschenkelstraffung<\/td>\r\n<td><a href=\"#anfrage\">Offerte anfragen<\/a><\/td>\r\n<\/tr>\r\n<tr>\r\n<td>Bauchstraffung<\/td>\r\n<td><a href=\"#anfrage\">Offerte anfragen<\/a><\/td>\r\n<\/tr>\r\n<tr>\r\n<td colspan=\"2\"><\/td>\r\n<\/tr>\r\n<\/tbody>\r\n<\/table>\r\n<\/div>\r\n<\/div>\r\n<div class=\"row\">\r\n<div class=\"col-md-3 offset-md-1 offset-lg-2\">\r\n<h3>Brust<\/h3>\r\n<\/div>\r\n<div class=\"col-md-7 col-lg-5\">\r\n<table>\r\n<tbody>\r\n<tr>\r\n<th colspan=\"2\">Lidstraff<\/th>\r\n<\/tr>\r\n<tr>\r\n<td>mit Eigenfett<\/td>\r\n<td><a href=\"#anfrage\">Offerte anfragen<\/a><\/td>\r\n<\/tr>\r\n<tr>\r\n<td>mit Implantaten<\/td>\r\n<td><a href=\"#anfrage\">Offerte anfragen<\/a><\/td>\r\n<\/tr>\r\n<tr>\r\n<td colspan=\"2\"><\/td>\r\n<\/tr>\r\n<tr>\r\n<td>Brustverkleinerung<\/td>\r\n<td><a href=\"#anfrage\">Offerte anfragen<\/a><\/td>\r\n<\/tr>\r\n<tr>\r\n<td>Bruststraffung<\/td>\r\n<td><a href=\"#anfrage\">Offerte anfragen<\/a><\/td>\r\n<\/tr>\r\n<tr>\r\n<td>Ohrenkorrektur<\/td>\r\n<td><a href=\"#anfrage\">Offerte anfragen<\/a><\/td>\r\n<\/tr>\r\n<tr>\r\n<td>Ungleiche Brust<\/td>\r\n<td><a href=\"#anfrage\">Offerte anfragen<\/a><\/td>\r\n<\/tr>\r\n<tr>\r\n<td>Gyn\u00e4komastie<\/td>\r\n<td><a href=\"#anfrage\">Offerte anfragen<\/a><\/td>\r\n<\/tr>\r\n<tr>\r\n<td colspan=\"2\"><\/td>\r\n<\/tr>\r\n<\/tbody>\r\n<\/table>\r\n<\/div>\r\n<\/div>\r\n\r\n<div class=\"row\">\r\n<div class=\"col-md-3 offset-md-1 offset-lg-2\">\r\n<h3>Gesicht<\/h3>\r\n<\/div>\r\n<div class=\"col-md-7 col-lg-5\">\r\n<table>\r\n<tbody>\r\n<tr>\r\n<th colspan=\"2\">Lidstraff<\/th>\r\n<\/tr>\r\n<tr>\r\n<td>Untere Lidstraff<\/td>\r\n<td><a href=\"#anfrage\">Offerte anfragen<\/a><\/td>\r\n<\/tr>\r\n<tr>\r\n<td>Obere Lidstraff<\/td>\r\n<td><a href=\"#anfrage\">Offerte anfragen<\/a><\/td>\r\n<\/tr>\r\n<tr>\r\n<td colspan=\"2\"><\/td>\r\n<\/tr>\r\n<tr>\r\n<td>Ohrenkorrektur<\/td>\r\n<td><a href=\"#anfrage\">Offerte anfragen<\/a><\/td>\r\n<\/tr>\r\n<tr>\r\n<td>Halslifting<\/td>\r\n<td><a href=\"#anfrage\">Offerte anfragen<\/a><\/td>\r\n<\/tr>\r\n<tr>\r\n<td>Facelifting<\/td>\r\n<td><a href=\"#anfrage\">Offerte anfragen<\/a><\/td>\r\n<\/tr>\r\n<tr>\r\n<td colspan=\"2\"><\/td>\r\n<\/tr>\r\n<\/tbody>\r\n<\/table>\r\n<\/div>\r\n<\/div>\r\n<div class=\"row\">\r\n<div class=\"col-md-3 offset-md-1 offset-lg-2\">\r\n<h3>Haut<\/h3>\r\n<\/div>\r\n<div class=\"col-md-7 col-lg-5\">\r\n<table>\r\n<tbody>\r\n<tr>\r\n<td>Narbe<\/td>\r\n<td><a href=\"#anfrage\">Offerte anfragen<\/a><\/td>\r\n<\/tr>\r\n<tr>\r\n<td>Muttermal<\/td>\r\n<td><a href=\"#anfrage\">Offerte anfragen<\/a><\/td>\r\n<\/tr>\r\n<tr>\r\n<td colspan=\"2\"><\/td>\r\n<\/tr>\r\n<tr>\r\n<td>Operation Beratungsgespr\u00e4ch<\/td>\r\n<td>200.\u2013<\/td>\r\n<\/tr>\r\n<tr>\r\n<td colspan=\"2\"><\/td>\r\n<\/tr>\r\n<\/tbody>\r\n<\/table>\r\n<\/div>\r\n<\/div>\r\n<div class=\"row\">\r\n<div class=\"col\">\r\n<h2>Finanzierung<\/h2>\r\n<\/div>\r\n<\/div>\r\n\r\n<hr \/>\r\n\r\n<div class=\"row\">\r\n<div class=\"col-md-10 col-lg-8 aligncenter\">\r\n<p class=\"lead \">Viele unserer PatientInnen nutzen unser Serviceangebot, ihre Behandlungskosten oder einen Teilbetrag ihrer Wunschbehandlung in Raten zu zahlen. Unser Partner Cashmed &#8211; schweizweit f\u00fchrende Anbieter von Sch\u00f6nheitsfinanzierungen &#8211; erm\u00f6glicht Ihnen dies durch eine diskrete Ratenzahlungsm\u00f6glichkeit. \u00dcber Cashmed k\u00f6nnen Sie die Behandlungskosten bequem in monatlichen Raten begleichen.\r\n<img decoding=\"async\" style=\"display: inline-block; padding-top: 1.5em;\" src=\"https:\/\/cliniquedeliposuccion.ch\/wp-content\/uploads\/2018\/11\/logo-cashmed.jpg\" alt=\"Logo Cashmed\" width=\"170\" \/><\/p>\r\n\r\n<\/div>\r\n<\/div>\r\n<div id=\"anfrage\" class=\"row\">\r\n<div class=\"col\">\r\n<h2>Kontakt<\/h2>\r\n<\/div>\r\n<\/div>\r\n\r\n<hr \/>\r\n\r\n<div class=\"row\">\r\n<div class=\"col-md-6 offset-md-1 offset-lg-3 aligncenter\">\r\n\r\nHaben Sie Fragen oder w\u00fcnschen Sie einen Termin bei uns ? Sie k\u00f6nnen uns Ihr Anliegen gerne \u00fcber unser Kontaktformular schreiben oder rufen Sie uns unter +41 44 221 33 44 an. Wir freuen uns auf Sie!\r\n\r\n<\/div>\r\n<\/div>\r\n<div class=\"row\">\r\n<div class=\"col-md-10 col-lg-8 offset-md-1 offset-lg-2\"><noscript class=\"ninja-forms-noscript-message\">\n\tHinweis: F\u00fcr diesen Inhalt ist JavaScript erforderlich.<\/noscript>\n<div id=\"nf-form-2-cont\" class=\"nf-form-cont\" aria-live=\"polite\" aria-labelledby=\"nf-form-title-2\" aria-describedby=\"nf-form-errors-2\" role=\"form\">\n\n    <div class=\"nf-loading-spinner\"><\/div>\n\n<\/div>\n        <!-- That data is being printed as a workaround to page builders reordering the order of the scripts loaded-->\n        <script>var formDisplay=1;var nfForms=nfForms||[];var form=[];form.id='2';form.settings={\"objectType\":\"Form Setting\",\"editActive\":true,\"title\":\"Kontakt\",\"key\":\"\",\"created_at\":\"2018-10-29 10:50:01\",\"show_title\":0,\"clear_complete\":\"1\",\"hide_complete\":0,\"currency\":\"usd\",\"wrapper_class\":\"\",\"element_class\":\"\",\"add_submit\":\"0\",\"logged_in\":\"\",\"not_logged_in_msg\":\"\",\"sub_limit_number\":\"\",\"sub_limit_msg\":\"\",\"fieldContentsData\":\"\",\"default_label_pos\":\"above\",\"unique_field_error\":\"Ein Formular mit diesem Wert wurde bereits \\u00fcbermittelt.\",\"calculations\":[],\"formContentData\":[\"vorname_1540810238424\",\"nachname_1540810246311\",\"e-mail_1540810250247\",\"telefon_1540810258326\",\"wuenschen_sie_einen_rueckruf_1556624355889\",\"wann_sollen_wir_sie_zurueckrufen_1556624463005\",\"mitteilung_1540810295214\",\"foto_hochladen_1540817922967\",\"formular_absenden_1541077545758\",\"type_formulaire_1763543315473\",\"gclid_1763540204790\"],\"changeEmailErrorMsg\":\"Bitte gib eine g\\u00fcltige E-Mail-Adresse ein.\",\"changeDateErrorMsg\":\"Bitte gib ein g\\u00fcltiges Datum ein!\",\"confirmFieldErrorMsg\":\"Diese Felder m\\u00fcssen \\u00fcbereinstimmen!\",\"fieldNumberNumMinError\":\"Die eingegebene Zahl ist zu klein.\",\"fieldNumberNumMaxError\":\"Die eingegebene Zahl ist zu gross.\",\"fieldNumberIncrementBy\":\"Bitte erh\\u00f6hen in Schritten von\",\"formErrorsCorrectErrors\":\"Bitte korrigiere die Fehler, bevor du das Formular sendest.\",\"validateRequiredField\":\"Dies ist ein Pflichtfeld.\",\"honeypotHoneypotError\":\"Honeypot-Fehler\",\"fieldsMarkedRequired\":\"Felder mit einem <span class=\\\"ninja-forms-req-symbol\\\">*<\\\/span> sind Pflichtfelder\",\"drawerDisabled\":false,\"conditions\":[{\"collapsed\":false,\"process\":1,\"connector\":\"all\",\"when\":[{\"connector\":\"AND\",\"key\":\"wuenschen_sie_einen_rueckruf_1556624355889\",\"comparator\":\"equal\",\"value\":\"checked\",\"type\":\"field\",\"modelType\":\"when\"}],\"then\":[{\"key\":\"wann_sollen_wir_sie_zurueckrufen_1556624463005\",\"trigger\":\"show_field\",\"value\":\"\",\"type\":\"field\",\"modelType\":\"then\"}],\"else\":[{\"key\":\"wann_sollen_wir_sie_zurueckrufen_1556624463005\",\"trigger\":\"hide_field\",\"value\":\"\",\"type\":\"field\",\"modelType\":\"else\"}]}],\"allow_public_link\":0,\"embed_form\":\"\",\"ninjaForms\":\"Ninja Forms\",\"fieldTextareaRTEInsertLink\":\"Link einf\\u00fcgen\",\"fieldTextareaRTEInsertMedia\":\"Medien einf\\u00fcgen\",\"fieldTextareaRTESelectAFile\":\"Eine Datei ausw\\u00e4hlen\",\"formHoneypot\":\"Falls du ein Mensch bist und dieses Feld siehst, dann lasse es bitte leer.\",\"fileUploadOldCodeFileUploadInProgress\":\"Datei-Upload l\\u00e4uft.\",\"fileUploadOldCodeFileUpload\":\"DATEI-UPLOAD\",\"currencySymbol\":false,\"thousands_sep\":\".\",\"decimal_point\":\",\",\"siteLocale\":\"de_DE\",\"dateFormat\":\"m\\\/d\\\/Y\",\"startOfWeek\":\"1\",\"of\":\"von\",\"previousMonth\":\"Vorheriger Monat\",\"nextMonth\":\"N\\u00e4chster Monat\",\"months\":[\"Januar\",\"Februar\",\"M\\u00e4rz\",\"April\",\"Mai\",\"Juni\",\"Juli\",\"August\",\"September\",\"Oktober\",\"November\",\"Dezember\"],\"monthsShort\":[\"Jan.\",\"Feb.\",\"M\\u00e4rz\",\"Apr.\",\"Mai\",\"Juni\",\"Juli\",\"Aug\",\"Sep.\",\"Okt.\",\"Nov.\",\"Dez.\"],\"weekdays\":[\"Sonntag\",\"Montag\",\"Dienstag\",\"Mittwoch\",\"Donnerstag\",\"Freitag\",\"Samstag\"],\"weekdaysShort\":[\"So.\",\"Mo.\",\"Di.\",\"Mi.\",\"Do.\",\"Fr.\",\"Sa.\"],\"weekdaysMin\":[\"So.\",\"Mo.\",\"Di.\",\"Mi.\",\"Do.\",\"Fr.\",\"Sa.\"],\"recaptchaConsentMissing\":\"reCaptcha validation couldn&#039;t load.\",\"recaptchaMissingCookie\":\"reCaptcha v3 validation couldn&#039;t load the cookie needed to submit the form.\",\"recaptchaConsentEvent\":\"Accept reCaptcha cookies before sending the form.\",\"currency_symbol\":\"\",\"beforeForm\":\"\",\"beforeFields\":\"\",\"afterFields\":\"\",\"afterForm\":\"\"};form.fields=[{\"objectType\":\"Field\",\"objectDomain\":\"fields\",\"editActive\":false,\"order\":1,\"label\":\"Vorname\",\"key\":\"vorname_1540810238424\",\"type\":\"firstname\",\"created_at\":\"2018-10-29 10:50:01\",\"label_pos\":\"above\",\"required\":1,\"default\":\"\",\"placeholder\":\"\",\"container_class\":\"one-half first\",\"element_class\":\"\",\"admin_label\":\"\",\"help_text\":\"\",\"desc_text\":\"\",\"desc_pos\":\"\",\"custom_name_attribute\":\"fname\",\"personally_identifiable\":1,\"drawerDisabled\":false,\"value\":\"\",\"id\":17,\"beforeField\":\"\",\"afterField\":\"\",\"parentType\":\"firstname\",\"element_templates\":[\"firstname\",\"input\"],\"old_classname\":\"\",\"wrap_template\":\"wrap\"},{\"objectType\":\"Field\",\"objectDomain\":\"fields\",\"editActive\":false,\"order\":2,\"label\":\"Nachname\",\"key\":\"nachname_1540810246311\",\"type\":\"lastname\",\"created_at\":\"2018-10-29 10:50:01\",\"label_pos\":\"above\",\"required\":1,\"default\":\"\",\"placeholder\":\"\",\"container_class\":\"one-half\",\"element_class\":\"\",\"admin_label\":\"\",\"help_text\":\"\",\"desc_text\":\"\",\"desc_pos\":\"\",\"custom_name_attribute\":\"lname\",\"personally_identifiable\":1,\"value\":\"\",\"id\":18,\"beforeField\":\"\",\"afterField\":\"\",\"parentType\":\"lastname\",\"element_templates\":[\"lastname\",\"input\"],\"old_classname\":\"\",\"wrap_template\":\"wrap\"},{\"objectType\":\"Field\",\"objectDomain\":\"fields\",\"editActive\":false,\"order\":3,\"label\":\"E-Mail\",\"key\":\"e-mail_1540810250247\",\"type\":\"email\",\"created_at\":\"2018-10-29 10:50:01\",\"label_pos\":\"above\",\"required\":1,\"default\":\"\",\"placeholder\":\"\",\"container_class\":\"one-half first\",\"element_class\":\"\",\"admin_label\":\"\",\"help_text\":\"\",\"desc_text\":\"\",\"desc_pos\":\"\",\"custom_name_attribute\":\"email\",\"personally_identifiable\":1,\"value\":\"\",\"id\":19,\"beforeField\":\"\",\"afterField\":\"\",\"parentType\":\"email\",\"element_templates\":[\"email\",\"input\"],\"old_classname\":\"\",\"wrap_template\":\"wrap\"},{\"objectType\":\"Field\",\"objectDomain\":\"fields\",\"editActive\":false,\"order\":4,\"label\":\"Telefon\",\"key\":\"telefon_1540810258326\",\"type\":\"textbox\",\"created_at\":\"2018-10-29 10:50:01\",\"label_pos\":\"above\",\"required\":1,\"placeholder\":\"\",\"default\":\"\",\"container_class\":\"one-half\",\"element_class\":\"\",\"input_limit\":\"\",\"input_limit_type\":\"characters\",\"input_limit_message\":\"Character(s) left\",\"manual_key\":\"\",\"disable_input\":\"\",\"admin_label\":\"\",\"help_text\":\"\",\"desc_text\":\"\",\"desc_pos\":\"\",\"disable_browser_autocomplete\":\"\",\"mask\":\"\",\"custom_mask\":\"\",\"input_limit_msg\":\"verbleibende(s) Zeichen\",\"custom_name_attribute\":\"\",\"personally_identifiable\":\"\",\"drawerDisabled\":false,\"value\":\"\",\"id\":6,\"beforeField\":\"\",\"afterField\":\"\",\"parentType\":\"textbox\",\"element_templates\":[\"textbox\",\"input\"],\"old_classname\":\"\",\"wrap_template\":\"wrap\"},{\"objectType\":\"Field\",\"objectDomain\":\"fields\",\"editActive\":false,\"order\":5,\"type\":\"checkbox\",\"label\":\"W\\u00fcnschen Sie einen R\\u00fcckruf?\",\"key\":\"wuenschen_sie_einen_rueckruf_1556624355889\",\"label_pos\":\"right\",\"required\":false,\"container_class\":\"\",\"element_class\":\"\",\"manual_key\":false,\"admin_label\":\"\",\"help_text\":\"\",\"default_value\":\"unchecked\",\"checked_value\":\"Ausgew\\u00e4hlt\",\"unchecked_value\":\"Nicht ausgew\\u00e4hlt\",\"drawerDisabled\":false,\"id\":32,\"beforeField\":\"\",\"afterField\":\"\",\"value\":\"\",\"parentType\":\"checkbox\",\"element_templates\":[\"checkbox\",\"input\"],\"old_classname\":\"\",\"wrap_template\":\"wrap\"},{\"objectType\":\"Field\",\"objectDomain\":\"fields\",\"editActive\":false,\"order\":6,\"type\":\"textarea\",\"label\":\"Wann sollen wir Sie zur\\u00fcckrufen?\",\"key\":\"wann_sollen_wir_sie_zurueckrufen_1556624463005\",\"label_pos\":\"above\",\"required\":false,\"default\":\"\",\"placeholder\":\"\",\"container_class\":\"\",\"element_class\":\"\",\"input_limit\":\"\",\"input_limit_type\":\"characters\",\"input_limit_msg\":\"Zeichen \\u00fcbrig\",\"manual_key\":false,\"admin_label\":\"\",\"help_text\":\"\",\"textarea_rte\":\"\",\"disable_rte_mobile\":\"\",\"textarea_media\":\"\",\"drawerDisabled\":false,\"value\":\"\",\"id\":33,\"beforeField\":\"\",\"afterField\":\"\",\"parentType\":\"textarea\",\"element_templates\":[\"textarea\",\"input\"],\"old_classname\":\"\",\"wrap_template\":\"wrap\"},{\"objectType\":\"Field\",\"objectDomain\":\"fields\",\"editActive\":false,\"order\":7,\"type\":\"textarea\",\"label\":\"Mitteilung\",\"key\":\"mitteilung_1540810295214\",\"label_pos\":\"above\",\"required\":1,\"default\":\"\",\"placeholder\":\"\",\"container_class\":\"\",\"element_class\":\"\",\"input_limit\":\"\",\"input_limit_type\":\"characters\",\"input_limit_msg\":\"verbleibende(s) Zeichen\",\"manual_key\":false,\"admin_label\":\"\",\"help_text\":\"\",\"textarea_rte\":\"\",\"disable_rte_mobile\":\"\",\"textarea_media\":\"\",\"drawerDisabled\":false,\"value\":\"\",\"id\":20,\"beforeField\":\"\",\"afterField\":\"\",\"parentType\":\"textarea\",\"element_templates\":[\"textarea\",\"input\"],\"old_classname\":\"\",\"wrap_template\":\"wrap\"},{\"id\":0,\"label\":\"Foto hochladen\",\"order\":8,\"key\":\"foto_hochladen_1540817922967\",\"type\":\"unknown\",\"message\":\"Eingabefeld-Typ &quot;file_upload&quot; nicht gefunden.\",\"beforeField\":\"\",\"afterField\":\"\",\"value\":\"\",\"label_pos\":\"above\",\"parentType\":\"unknown\",\"element_templates\":[\"null\",\"hidden\",\"input\"],\"old_classname\":\"\",\"wrap_template\":\"wrap-no-label\"},{\"objectType\":\"Field\",\"objectDomain\":\"fields\",\"editActive\":false,\"order\":9,\"label\":\"Formular absenden\",\"key\":\"formular_absenden_1541077545758\",\"type\":\"submit\",\"created_at\":\"2018-10-29 10:50:01\",\"processing_label\":\"Processing\",\"container_class\":\"\",\"element_class\":\"\",\"drawerDisabled\":false,\"id\":11,\"beforeField\":\"\",\"afterField\":\"\",\"value\":\"\",\"label_pos\":\"above\",\"parentType\":\"textbox\",\"element_templates\":[\"submit\",\"button\",\"input\"],\"old_classname\":\"\",\"wrap_template\":\"wrap-no-label\"},{\"objectType\":\"Field\",\"objectDomain\":\"fields\",\"editActive\":false,\"order\":10,\"type\":\"hidden\",\"label\":\"Type_formulaire\",\"key\":\"type_formulaire_1763543315473\",\"default\":\"liposuccion - DE\",\"admin_label\":\"\",\"drawerDisabled\":false,\"id\":72,\"beforeField\":\"\",\"afterField\":\"\",\"value\":\"liposuccion - DE\",\"label_pos\":\"above\",\"parentType\":\"hidden\",\"element_templates\":[\"hidden\",\"input\"],\"old_classname\":\"\",\"wrap_template\":\"wrap-no-label\"},{\"objectType\":\"Field\",\"objectDomain\":\"fields\",\"editActive\":false,\"order\":11,\"type\":\"hidden\",\"label\":\"gclid\",\"key\":\"gclid_1763540204790\",\"default\":\"{querystring:gclid}\",\"admin_label\":\"\",\"drawerDisabled\":false,\"id\":71,\"beforeField\":\"\",\"afterField\":\"\",\"value\":\"\",\"label_pos\":\"above\",\"parentType\":\"hidden\",\"element_templates\":[\"hidden\",\"input\"],\"old_classname\":\"\",\"wrap_template\":\"wrap-no-label\"}];nfForms.push(form);<\/script>\n        <\/div>\r\n<\/div>\r\n<\/div>\r\n<\/div>\r\n<\/div>\r\n<\/div>","protected":false},"excerpt":{"rendered":"Die Preise f\u00fcr eine \u00e4sthetisch-medizinische Behandlung sind unten aufgef\u00fchrt. Sie beinhaltet bei Bedarf eine kostenlose zus\u00e4tzliche Behandlung nach zwei Wochen. Die Preise f\u00fcr die Operationen h\u00e4ngen von mehreren Faktoren ab, wie z.B. der Dauer der Operation und der Wahl der Art der An\u00e4sthesie. Wenn Sie uns unter 044 221 33 44 kontaktieren oder das untenstehende [&hellip;]","protected":false},"author":1,"featured_media":1458,"parent":0,"menu_order":0,"comment_status":"closed","ping_status":"closed","template":"","meta":{"footnotes":""},"class_list":["post-356","page","type-page","status-publish","has-post-thumbnail","hentry"],"_links":{"self":[{"href":"https:\/\/cliniquedeliposuccion.ch\/de\/wp-json\/wp\/v2\/pages\/356","targetHints":{"allow":["GET"]}}],"collection":[{"href":"https:\/\/cliniquedeliposuccion.ch\/de\/wp-json\/wp\/v2\/pages"}],"about":[{"href":"https:\/\/cliniquedeliposuccion.ch\/de\/wp-json\/wp\/v2\/types\/page"}],"author":[{"embeddable":true,"href":"https:\/\/cliniquedeliposuccion.ch\/de\/wp-json\/wp\/v2\/users\/1"}],"replies":[{"embeddable":true,"href":"https:\/\/cliniquedeliposuccion.ch\/de\/wp-json\/wp\/v2\/comments?post=356"}],"version-history":[{"count":61,"href":"https:\/\/cliniquedeliposuccion.ch\/de\/wp-json\/wp\/v2\/pages\/356\/revisions"}],"predecessor-version":[{"id":5655,"href":"https:\/\/cliniquedeliposuccion.ch\/de\/wp-json\/wp\/v2\/pages\/356\/revisions\/5655"}],"wp:featuredmedia":[{"embeddable":true,"href":"https:\/\/cliniquedeliposuccion.ch\/de\/wp-json\/wp\/v2\/media\/1458"}],"wp:attachment":[{"href":"https:\/\/cliniquedeliposuccion.ch\/de\/wp-json\/wp\/v2\/media?parent=356"}],"curies":[{"name":"wp","href":"https:\/\/api.w.org\/{rel}","templated":true}]}}