{"id":1238,"date":"2019-01-18T09:52:19","date_gmt":"2019-01-18T09:52:19","guid":{"rendered":"https:\/\/cliniquedeliposuccion.ch\/?page_id=1238"},"modified":"2023-03-26T17:14:23","modified_gmt":"2023-03-26T17:14:23","slug":"conditions-generales","status":"publish","type":"page","link":"https:\/\/cliniquedeliposuccion.ch\/fr\/conditions-generales\/","title":{"rendered":"Conditions<br> g\u00e9n\u00e9rales"},"content":{"rendered":"<div class=\"row\">\n<div class=\"col-md-3 offset-md-1 offset-lg-2\">\n<h3>Rendez-vous et tarifs<\/h3>\n<\/div>\n<div class=\"col-md-7 col-lg-5\">\n<p style=\"font-weight: 400;\"><\/p>\n<p style=\"font-weight: 400;\">En cas de non-comparution pour des rendez-vous en M\u00e9decine Esth\u00e9tique et\/ou Chirurgie Esth\u00e9tique avec le m\u00e9decin, CHF 200.- seront factur\u00e9s pour les rendez-vous de consultation ou le prix total du traitement pour les rendez-vous de traitement, si ceux-ci ne sont pas annul\u00e9s par \u00e9crit au moins 36 heures &#8211; jours ouvr\u00e9s &#8211; \u00e0 l&rsquo;avance. L&rsquo;annulation doit \u00eatre effectu\u00e9e par \u00e9crit (par e-mail ou Whatsapp). Les multiples moyens de communication actuels \u00e9tant accessibles \u00e0 tous, aucune exception ne sera faite. Ceci s&rsquo;applique \u00e9galement aux rendez-vous de consultation.<\/p>\n<p style=\"font-weight: 400;\">En cas de non-comparution pour des rendez-vous en Soins Esth\u00e9tiques M\u00e9dicaux avec l\u2019esth\u00e9ticienne m\u00e9dicale ou l\u2019assistante m\u00e9dicale, \u00a0CHF 100.- seront factur\u00e9s pour les rendez-vous de consultation ou le prix total du traitement pour les rendez-vous de traitement, si ceux-ci ne sont pas annul\u00e9s par \u00e9crit au moins 36 heures &#8211; jours ouvr\u00e9s &#8211; \u00e0 l&rsquo;avance. \u00a0L&rsquo;annulation doit \u00eatre effectu\u00e9e par \u00e9crit (par e-mail ou Whatsapp). Les multiples moyens de communication actuels \u00e9tant accessibles \u00e0 tous, aucune exception ne sera faite. Ceci s&rsquo;applique \u00e9galement aux rendez-vous de consultation.<\/p>\nLes patients en chirurgie esth\u00e9tique qui n&rsquo;annulent pas leur rendez-vous chirurgical au moins 24 heures &#8211; jours ouvr\u00e9s &#8211; \u00e0 l&rsquo;avance doivent payer le prix total de l&rsquo;op\u00e9ration. En cas d&rsquo;annulation de 24 \u00e0 48 heures &#8211; jours ouvr\u00e9s &#8211; \u00a0avant la date de l&rsquo;op\u00e9ration, 80% du prix de l&rsquo;op\u00e9ration sera factur\u00e9 ; en cas d&rsquo;annulation de 1 semaine \u00e0 48 heures &#8211; jours ouvr\u00e9s &#8211; \u00a0avant la date de l&rsquo;op\u00e9ration, 20% du prix de l&rsquo;op\u00e9ration sera factur\u00e9. Les rendez-vous repouss\u00e9s par le Dr Favre lui-m\u00eame pour des raisons de sant\u00e9 ou m\u00e9dicales peuvent \u00eatre compens\u00e9s. Dans ce cas, une autre date vous sera propos\u00e9e sans frais.\n\n<\/div>\n<\/div>","protected":false},"excerpt":{"rendered":"Rendez-vous et tarifs En cas de non-comparution pour des rendez-vous en M\u00e9decine Esth\u00e9tique et\/ou Chirurgie Esth\u00e9tique avec le m\u00e9decin, CHF 200.- seront factur\u00e9s pour les rendez-vous de consultation ou le prix total du traitement pour les rendez-vous de traitement, si ceux-ci ne sont pas annul\u00e9s par \u00e9crit au moins 36 heures &#8211; jours ouvr\u00e9s &#8211; [&hellip;]","protected":false},"author":1,"featured_media":1459,"parent":0,"menu_order":0,"comment_status":"closed","ping_status":"closed","template":"","meta":{"footnotes":""},"class_list":["post-1238","page","type-page","status-publish","has-post-thumbnail","hentry"],"_links":{"self":[{"href":"https:\/\/cliniquedeliposuccion.ch\/fr\/wp-json\/wp\/v2\/pages\/1238","targetHints":{"allow":["GET"]}}],"collection":[{"href":"https:\/\/cliniquedeliposuccion.ch\/fr\/wp-json\/wp\/v2\/pages"}],"about":[{"href":"https:\/\/cliniquedeliposuccion.ch\/fr\/wp-json\/wp\/v2\/types\/page"}],"author":[{"embeddable":true,"href":"https:\/\/cliniquedeliposuccion.ch\/fr\/wp-json\/wp\/v2\/users\/1"}],"replies":[{"embeddable":true,"href":"https:\/\/cliniquedeliposuccion.ch\/fr\/wp-json\/wp\/v2\/comments?post=1238"}],"version-history":[{"count":7,"href":"https:\/\/cliniquedeliposuccion.ch\/fr\/wp-json\/wp\/v2\/pages\/1238\/revisions"}],"predecessor-version":[{"id":6814,"href":"https:\/\/cliniquedeliposuccion.ch\/fr\/wp-json\/wp\/v2\/pages\/1238\/revisions\/6814"}],"wp:featuredmedia":[{"embeddable":true,"href":"https:\/\/cliniquedeliposuccion.ch\/fr\/wp-json\/wp\/v2\/media\/1459"}],"wp:attachment":[{"href":"https:\/\/cliniquedeliposuccion.ch\/fr\/wp-json\/wp\/v2\/media?parent=1238"}],"curies":[{"name":"wp","href":"https:\/\/api.w.org\/{rel}","templated":true}]}}