{"id":2229,"date":"2020-09-10T15:38:02","date_gmt":"2020-09-10T15:38:02","guid":{"rendered":"https:\/\/cliniquedeliposuccion.ch\/?page_id=2229"},"modified":"2021-11-05T14:10:11","modified_gmt":"2021-11-05T14:10:11","slug":"a-propos-de-nous-3","status":"publish","type":"page","link":"https:\/\/cliniquedeliposuccion.ch\/fr\/a-propos-de-nous-3\/","title":{"rendered":"A propos de nous"},"content":{"rendered":"\n<div class=\"row\">\n<div class=\"col-md-10 col-lg-8 aligncenter\">\n<p class=\"lead\" style=\"text-align:left\">Le nom Bellefontaine est inspir\u00e9 du b\u00e2timent historique de la clinique dont une fontaine coule dans le hall d\u2019entr\u00e9e. A la clinique Bellefontaine, nous vous offrons les techniques les plus modernes dans le domaine de la m\u00e9decine et de la chirurgie plastique et esth\u00e9tique dans un centre avec les plus hauts standards de s\u00e9curit\u00e9 et de qualit\u00e9 certifi\u00e9 par la FMH et par le Service de sant\u00e9 publique de l\u2019Etat de Vaud. Ils r\u00e9pondent aux normes de s\u00e9curit\u00e9 et de qualit\u00e9 les plus \u00e9lev\u00e9es. Situ\u00e9e au centre de Lausanne, la Clinique Bellefontaine, sous la direction m\u00e9dicale du Dr m\u00e9d. Yann Favre, propose des interventions chirurgicales individuelles en ambulatoire.<\/p>\n<\/div>\n<\/div>\n\n\n\n<div class=\"row row-portrait align-items-center row-spacer-top\">\n    <div class=\"col-lg-4\"><img src=\"https:\/\/cliniquedeliposuccion.ch\/wp-content\/uploads\/2020\/09\/Bellefontaine-Yann-Favre-Portrait.jpg\" alt=\"Portrait Dr. m\u00e9d. Yann Favre\"><\/div>\n    <div class=\"col-lg-7\">\n        <div class=\"vertical-center\">\n        <p style=\"text-align: left\">\n            Permettez-moi de me pr\u00e9senter.<br>\n            \u00abJe m&rsquo;appelle Yann Favre, je suis sp\u00e9cialiste suisse FMH et EBOPRAS en chirurgie plastique,\n            reconstructive et esth\u00e9tique et fondateur de la Clinique Bellefontaine. Je suis n\u00e9 en 1976 \u00e0 Lausanne et\n            j\u2019ai grandi et fait mes classes \u00e0 Pully. J\u2019ai \u00e9tudi\u00e9 la M\u00e9decine \u00e0 Lausanne tout en effectuant parall\u00e8lement\n            une licence en Sciences \u00e0 l\u2019Universit\u00e9 de Gen\u00e8ve.\nMon int\u00e9r\u00eat pour la chirurgie esth\u00e9tique s&rsquo;est \u00e9veill\u00e9 d\u00e8s le d\u00e9but de mes \u00e9tudes de m\u00e9decine. J\u2019ai effectu\u00e9\n            ma formation en Suisse \u00e0 l&rsquo;h\u00f4pital cantonal d&rsquo;Aarau et en Europe aux h\u00f4pitaux universitaires de Bruxelles et\n            de Luxembourg o\u00f9 j&rsquo;ai travaill\u00e9 comme m\u00e9decin en chirurgie plastique, esth\u00e9tique et reconstructive. Ma\n            carri\u00e8re personnelle et professionnelle s\u2019est particuli\u00e8rement d\u00e9velopp\u00e9e \u00e0 Z\u00fcrich, o\u00f9 j\u2019ai travaill\u00e9\n            pendant 8 ann\u00e9es et perfectionn\u00e9 mes techniques de chirurgie et m\u00e9decine esth\u00e9tique.<\/p>\n    <\/div>\n<\/div>\n<\/div>\n\n\n\n<div class=\"row row-spacer-top\">\n<div class=\"col\">\n<h1>Votre \u00e9quipe Bellefontaine<\/h1>\n<\/div>\n<\/div>\n<hr>\n\n\n\n<div class=\"row row-apropos\">\n    <div class=\"col-12 col-md-6 col-lg-4\">\n        <div class=\"portrait-wraper\">\n            <div class=\"content-fadein\">\n                <div class=\"aligncenter\">\n                    <h2>\n                        Dr. Yann Favre\n                    <\/h2>\n                    <hr>\n                    <p>\n                        Le Dr. Yann Favre est sp\u00e9cialiste suisse FMH et EBOPRAS en chirurgie plastique, reconstructive\n                        et esth\u00e9tique. Il est le fondateur de la clinique Bellefontaine. Il est \u00e0 votre disposition pour\n                        vous dispenser des conseils honn\u00eates et des traitements de haute qualit\u00e9.\n\n                    <\/p>\n                <\/div>\n            <\/div>\n            <img class=\"portrait-thumbnail\" src=\"https:\/\/cliniquedeliposuccion.ch\/wp-content\/uploads\/2020\/09\/Bellefontaine-Yann.jpg\" alt=\"Dr. m\u00e9d Yann Favre\">\n        <\/div>\n    <\/div>\n    <div class=\"col-12 col-md-6 col-lg-4\">\n        <div class=\"portrait-wraper\">\n            <div class=\"content-fadein\">\n                <div class=\"aligncenter\">\n                    <h2>\n                        G\u00fclkan \u00d6zcan\n                    <\/h2>\n                    <hr>\n                    <p>\n                        G\u00fclkan vous accompagnera le jour de l&rsquo;op\u00e9ration avec beaucoup d&#8217;empathie et de cordialit\u00e9. Avec\n                        elle, vous \u00eates entre les meilleures mains &#8211; elle r\u00e9pond \u00e0 tous les souhaits de nos patients.\n                        Elle fait dispara\u00eetre toute nervosit\u00e9 gr\u00e2ce \u00e0 ses mani\u00e8res chaleureuses, affectueuses et\n                        sensibles.\n\n                    <\/p>\n                <\/div>\n            <\/div>\n            <img class=\"portrait-thumbnail\" src=\"https:\/\/cliniquedeliposuccion.ch\/wp-content\/uploads\/2020\/09\/Bellefontaine-Gulkan.jpg\" alt=\"G\u00fclkan \u00d6zcan\">\n        <\/div>\n    <\/div>\n    <div class=\"col-12 col-md-6 col-lg-4\">\n        <div class=\"portrait-wraper\">\n            <div class=\"content-fadein\">\n                <div class=\"aligncenter\">\n                    <h2>\n                        In\u00e8s Lauzet\n                    <\/h2>\n                    <hr>\n                    <p>\n                        Dans les mains de In\u00e8s, vous \u00eates bien soign\u00e9 et rien ne lui \u00e9chappe. In\u00e8s est un talent\n                        multit\u00e2che avec de nombreuses ann\u00e9es d&rsquo;exp\u00e9rience en tant qu\u2019esth\u00e9ticienne m\u00e9dicale. In\u00e8s vous\n                        acceuillera avec courtoise et empathique.\n\n                    <\/p>\n                <\/div>\n            <\/div>\n            <img class=\"portrait-thumbnail\" src=\"https:\/\/cliniquedeliposuccion.ch\/wp-content\/uploads\/2020\/09\/Bellefontaine-ines.jpg\" alt=\"In\u00e8s Lauzet\">\n        <\/div>\n    <\/div>\n    <div class=\"col-12 col-md-6 col-lg-4\">\n        <div class=\"portrait-wraper\">\n            <div class=\"content-fadein\">\n                <div class=\"aligncenter\">\n                    <h2>\n                        Lo\u00efse Notin\n                    <\/h2>\n                    <hr>\n                    <p>\n                         Lo\u00efse vous accueillera avec le sourire \u00e0 la clinique Bellefontaine. Elle est un talent rare avec de nombreuses ann\u00e9es d\u2019exp\u00e9rience en tant qu\u2019esth\u00e9ticienne et \u00e0 la r\u00e9ception.\n\n                    <\/p>\n                <\/div>\n            <\/div>\n            <img class=\"portrait-thumbnail\" src=\"https:\/\/cliniquedeliposuccion.ch\/wp-content\/uploads\/2021\/11\/BF_LOUISE_0022.jpg\" alt=\"Lo\u00efse Notin\">\n        <\/div>\n    <\/div>\n    <div class=\"col-12 col-md-6 col-lg-4\">\n        <div class=\"portrait-wraper\">\n            <div class=\"content-fadein\">\n                <div class=\"aligncenter\">\n                    <h2>\n                        Dre. Miriam Pyka\n                    <\/h2>\n                    <hr>\n                    <p>\n                        La Dre. Miriam Pyka est titulaire d\u2019un dipl\u00f4me de m\u00e9decin de l\u2019Universit\u00e9 de Erlangen en\n                        Allemagne et a effectu\u00e9 sa th\u00e8se \u00e0 l\u2019Universit\u00e9 de Z\u00fcrich. La Dre. Pyka collabore de mani\u00e8re\n                        \u00e9troite avec la Clinique Bellefontaine depuis plusieurs ann\u00e9es. Elle vous acceuillera avec\n                        sourire et empathie.\n\n                    <\/p>\n                <\/div>\n            <\/div>\n            <img class=\"portrait-thumbnail\" src=\"https:\/\/cliniquedeliposuccion.ch\/wp-content\/uploads\/2020\/09\/Bellefontaine-Myriam.jpg\" alt=\"Dre. Miriam Pyka\">\n        <\/div>\n    <\/div>\n    <div class=\"col-12 col-md-6 col-lg-4\">\n        <div class=\"portrait-wraper\">\n            <div class=\"content-fadein\">\n                <div class=\"aligncenter\">\n                    <h2>\n                        Estefania\n                    <\/h2>\n                    <hr>\n                    <p>\n                        Responsable de l&rsquo;entretien et de l&rsquo;hygi\u00e8ne des chambres. Elle fait toujours briller la clinique\n                        d&rsquo;un nouvel \u00e9clat.\n\n                    <\/p>\n                <\/div>\n            <\/div>\n            <img class=\"portrait-thumbnail\" src=\"https:\/\/cliniquedeliposuccion.ch\/wp-content\/uploads\/2021\/11\/BF_STEFANIA_0021.jpg\" alt=\"Estefania\">\n        <\/div>\n    <\/div>\n\n<\/div>\n","protected":false},"excerpt":{"rendered":"Le nom Bellefontaine est inspir\u00e9 du b\u00e2timent historique de la clinique dont une fontaine coule dans le hall d\u2019entr\u00e9e. A la clinique Bellefontaine, nous vous offrons les techniques les plus modernes dans le domaine de la m\u00e9decine et de la chirurgie plastique et esth\u00e9tique dans un centre avec les plus hauts standards de s\u00e9curit\u00e9 et [&hellip;]","protected":false},"author":1,"featured_media":2230,"parent":0,"menu_order":0,"comment_status":"closed","ping_status":"closed","template":"page-team.php","meta":[],"_links":{"self":[{"href":"https:\/\/cliniquedeliposuccion.ch\/fr\/wp-json\/wp\/v2\/pages\/2229"}],"collection":[{"href":"https:\/\/cliniquedeliposuccion.ch\/fr\/wp-json\/wp\/v2\/pages"}],"about":[{"href":"https:\/\/cliniquedeliposuccion.ch\/fr\/wp-json\/wp\/v2\/types\/page"}],"author":[{"embeddable":true,"href":"https:\/\/cliniquedeliposuccion.ch\/fr\/wp-json\/wp\/v2\/users\/1"}],"replies":[{"embeddable":true,"href":"https:\/\/cliniquedeliposuccion.ch\/fr\/wp-json\/wp\/v2\/comments?post=2229"}],"version-history":[{"count":14,"href":"https:\/\/cliniquedeliposuccion.ch\/fr\/wp-json\/wp\/v2\/pages\/2229\/revisions"}],"predecessor-version":[{"id":4114,"href":"https:\/\/cliniquedeliposuccion.ch\/fr\/wp-json\/wp\/v2\/pages\/2229\/revisions\/4114"}],"wp:featuredmedia":[{"embeddable":true,"href":"https:\/\/cliniquedeliposuccion.ch\/fr\/wp-json\/wp\/v2\/media\/2230"}],"wp:attachment":[{"href":"https:\/\/cliniquedeliposuccion.ch\/fr\/wp-json\/wp\/v2\/media?parent=2229"}],"curies":[{"name":"wp","href":"https:\/\/api.w.org\/{rel}","templated":true}]}}