{"id":854,"date":"2018-11-02T13:42:45","date_gmt":"2018-11-02T13:42:45","guid":{"rendered":"https:\/\/cliniquedeliposuccion.ch\/kontakt\/"},"modified":"2026-03-04T15:25:28","modified_gmt":"2026-03-04T15:25:28","slug":"contact","status":"publish","type":"page","link":"https:\/\/cliniquedeliposuccion.ch\/fr\/contact\/","title":{"rendered":"Contact"},"content":{"rendered":"<div class=\"row\">\n<div class=\"col col-md-10 offset-md-1\">\n<div class=\"row\">\n<div class=\"col-md\">\n<div class=\"entry-header--block\">\n\n<img src=\"https:\/\/cliniquedeliposuccion.ch\/wp-content\/uploads\/2018\/11\/map.png\" alt=\"Ic\u00f4ne de la carte\">\n<h3><span style=\"vertical-align: inherit;\"><span style=\"vertical-align: inherit;\">O\u00f9 nous sommes<\/span><\/span><\/h3>\n<span style=\"vertical-align: inherit;\"><span style=\"vertical-align: inherit;\">Belle-Fontaine 2&nbsp;<\/span><\/span>\n<span style=\"vertical-align: inherit;\"><span style=\"vertical-align: inherit;\">1003 Lausanne<\/span><\/span>\n\n<\/div>\n<\/div>\n<div class=\"col-md\">\n<div class=\"entry-header--block\">\n\n<img src=\"https:\/\/cliniquedeliposuccion.ch\/wp-content\/uploads\/2018\/11\/telefon.png\" alt=\"Ic\u00f4ne de t\u00e9l\u00e9phone\">\n<h3><span style=\"vertical-align: inherit;\"><span style=\"vertical-align: inherit;\">Appelez-nous<\/span><\/span><\/h3>\n<span style=\"vertical-align: inherit;\"><span style=\"vertical-align: inherit;\">Appelez-nous au <\/span><\/span>\n<a href=\"tel:+41216013333\">+41 21 601 33 33<\/a>\n\n<a>&nbsp;<\/a>\n\n<\/div>\n<a>&nbsp;<\/a>\n\n<\/div>\n<a>&nbsp;<\/a>\n<div class=\"col-md\"><a>\n<\/a>\n<div class=\"entry-header--block\"><a><img src=\"https:\/\/cliniquedeliposuccion.ch\/wp-content\/uploads\/2018\/11\/email.png\" alt=\"Ic\u00f4ne de courrier \u00e9lectronique\"><\/a>\n<h3><span style=\"vertical-align: inherit;\"><span style=\"vertical-align: inherit;\">Nous \u00e9crire<\/span><\/span><\/h3>\n<a><span style=\"vertical-align: inherit;\"><span style=\"vertical-align: inherit;\">Envoyez-nous un mail \u00e0 <\/span><\/span><\/a><a href=\"mailto:info@belle-fontaine.ch\">info@belle-fontaine.ch<\/a>\n\n<\/div>\n<\/div>\n<\/div>\n<\/div>\n<\/div>\n<div class=\"row\">\n<div class=\"col\">\n<h2><span style=\"vertical-align: inherit;\"><span style=\"vertical-align: inherit;\">Nous contacter<\/span><\/span><\/h2>\n<\/div>\n<\/div>\n\n<hr>\n\n<div class=\"row\">\n<div class=\"col-md-10 col-lg-8 aligncenter\">\n<p class=\"lead \"><span style=\"vertical-align: inherit;\"><span style=\"vertical-align: inherit;\">Vous avez des questions ou vous souhaitez prendre rendez-vous? Vous pouvez nous \u00e9crire votre demande via notre formulaire de contact ou nous appeler au <a href=\"tel:+41216013333\">+41 21 601 33 33<\/a>. Nous nous r\u00e9jouissons de votre venue!<\/span><\/span><\/p>\n\n<\/div>\n<\/div>\n<div class=\"row\">\n<div class=\"col-md-10 col-lg-8 offset-md-1 offset-lg-2\"><span style=\"vertical-align: inherit;\"><span style=\"vertical-align: inherit;\"><noscript class=\"ninja-forms-noscript-message\">\n    Remarque\u00a0: JavaScript est requis pour ce contenu.<\/noscript><div id=\"nf-form-3-cont\" class=\"nf-form-cont\" aria-live=\"polite\" aria-labelledby=\"nf-form-title-3\" aria-describedby=\"nf-form-errors-3\" role=\"form\">\n\n    <div class=\"nf-loading-spinner\"><\/div>\n\n<\/div>\n        <!-- TODO: Move to Template File. -->\n        <script>var formDisplay=1;var nfForms=nfForms||[];var form=[];form.id='3';form.settings={\"objectType\":\"Form Setting\",\"editActive\":true,\"title\":\"Contact\",\"created_at\":\"2018-12-13 18:15:45\",\"form_title\":\"Kontakt - Kopieren\",\"default_label_pos\":\"above\",\"show_title\":\"0\",\"clear_complete\":\"1\",\"hide_complete\":\"0\",\"logged_in\":\"0\",\"key\":\"\",\"currency\":\"usd\",\"wrapper_class\":\"\",\"element_class\":\"\",\"add_submit\":\"0\",\"not_logged_in_msg\":\"\",\"sub_limit_number\":\"\",\"sub_limit_msg\":\"\",\"fieldContentsData\":\"\",\"unique_field_error\":\"Un formulaire avec cette valeur a d\\u00e9j\\u00e0 \\u00e9t\\u00e9 soumis.\",\"calculations\":[],\"formContentData\":[\"prenom_1544721379017\",\"nom_de_famille_1544721389526\",\"courriel_1544721396645\",\"telephone_1544721401392\",\"a_quelle_heure_etes-vous_joignable_1556625016170\",\"message_1544721406410\",\"selectionner_et_telecharger_les_photos_1670327978960\",\"envoyer_votre_demande_1670326193405\",\"type_formulaire_1750942038875\",\"gclid_1763540164232\"],\"changeEmailErrorMsg\":\"Veuillez saisir une adresse de messagerie valide. Ex\\u00a0: jean.dupont@gmail.com\",\"changeDateErrorMsg\":\"Veuillez saisir une date valide\\u00a0!\",\"confirmFieldErrorMsg\":\"Ces champs doivent correspondre\\u00a0!\",\"fieldNumberNumMinError\":\"Erreur de nombre min.\",\"fieldNumberNumMaxError\":\"Erreur de nombre max.\",\"fieldNumberIncrementBy\":\"Veuillez incr\\u00e9menter par \",\"formErrorsCorrectErrors\":\"Veuillez corriger les erreurs avant d\\u2019envoyer ce formulaire.\",\"validateRequiredField\":\"Ce champ est obligatoire.\",\"honeypotHoneypotError\":\"Erreur Honeypot\",\"fieldsMarkedRequired\":\"Les champs marqu\\u00e9s d\\u2019un <span class=\\\"ninja-forms-req-symbol\\\">*<\\\/span> sont obligatoires\",\"drawerDisabled\":false,\"conditions\":[],\"allow_public_link\":0,\"embed_form\":\"\",\"public_link\":\"https:\\\/\\\/cliniquedeliposuccion.ch\\\/ninja-forms\\\/3jtbv\",\"public_link_key\":\"3jtbv\",\"ninjaForms\":\"Ninja Forms\",\"fieldTextareaRTEInsertLink\":\"Ins\\u00e9rer un lien\",\"fieldTextareaRTEInsertMedia\":\"Ins\\u00e9rer un m\\u00e9dia\",\"fieldTextareaRTESelectAFile\":\"S\\u00e9lectionnez un fichier\",\"formHoneypot\":\"Si vous \\u00eates un \\u00eatre humain et que vous voyez ce champ, veuillez le laisser vide.\",\"fileUploadOldCodeFileUploadInProgress\":\"T\\u00e9l\\u00e9versement du fichier en cours.\",\"fileUploadOldCodeFileUpload\":\"T\\u00c9L\\u00c9VERSEMENT DE FICHIER\",\"currencySymbol\":false,\"thousands_sep\":\"\\u00a0\",\"decimal_point\":\",\",\"siteLocale\":\"fr_FR\",\"dateFormat\":\"m\\\/d\\\/Y\",\"startOfWeek\":\"1\",\"of\":\"sur\",\"previousMonth\":\"Mois pr\\u00e9c\\u00e9dent\",\"nextMonth\":\"Mois suivant\",\"months\":[\"Janvier\",\"F\\u00e9vrier\",\"Mars\",\"Avril\",\"Mai\",\"Juin\",\"Juillet\",\"Ao\\u00fbt\",\"Septembre\",\"Octobre\",\"Novembre\",\"D\\u00e9cembre\"],\"monthsShort\":[\"Jan\",\"F\\u00e9v\",\"Mar\",\"Avr\",\"Mai\",\"Juin\",\"Juil\",\"Ao\\u00fb\",\"Sep\",\"Oct\",\"Nov\",\"D\\u00e9c\"],\"weekdays\":[\"Dimanche\",\"Lundi\",\"Mardi\",\"Mercredi\",\"Jeudi\",\"Vendredi\",\"Samedi\"],\"weekdaysShort\":[\"Dim\",\"Lun\",\"Mar\",\"Mer\",\"Jeu\",\"Ven\",\"Sam\"],\"weekdaysMin\":[\"Di\",\"Lu\",\"Ma\",\"Me\",\"Je\",\"Ve\",\"Sa\"],\"currency_symbol\":\"\",\"beforeForm\":\"\",\"beforeFields\":\"\",\"afterFields\":\"\",\"afterForm\":\"\"};form.fields=[{\"objectType\":\"Field\",\"objectDomain\":\"fields\",\"editActive\":false,\"order\":1,\"label_pos\":\"above\",\"required\":1,\"default\":\"\",\"placeholder\":\"\",\"container_class\":\"one-half first\",\"element_class\":\"\",\"admin_label\":\"\",\"help_text\":\"\",\"desc_text\":\"\",\"desc_pos\":\"\",\"label\":\"Pr\\u00e9nom\",\"key\":\"prenom_1544721379017\",\"type\":\"firstname\",\"created_at\":\"2018-10-29 10:50:01\",\"custom_name_attribute\":\"fname\",\"personally_identifiable\":1,\"value\":\"\",\"drawerDisabled\":false,\"id\":27,\"beforeField\":\"\",\"afterField\":\"\",\"parentType\":\"firstname\",\"element_templates\":[\"firstname\",\"input\"],\"old_classname\":\"\",\"wrap_template\":\"wrap\"},{\"objectType\":\"Field\",\"objectDomain\":\"fields\",\"editActive\":false,\"order\":2,\"label_pos\":\"above\",\"required\":1,\"default\":\"\",\"placeholder\":\"\",\"container_class\":\"one-half\",\"element_class\":\"\",\"admin_label\":\"\",\"help_text\":\"\",\"desc_text\":\"\",\"desc_pos\":\"\",\"label\":\"Nom de famille\",\"key\":\"nom_de_famille_1544721389526\",\"type\":\"lastname\",\"created_at\":\"2018-10-29 10:50:01\",\"custom_name_attribute\":\"lname\",\"personally_identifiable\":1,\"value\":\"\",\"id\":28,\"beforeField\":\"\",\"afterField\":\"\",\"parentType\":\"lastname\",\"element_templates\":[\"lastname\",\"input\"],\"old_classname\":\"\",\"wrap_template\":\"wrap\"},{\"objectType\":\"Field\",\"objectDomain\":\"fields\",\"editActive\":false,\"order\":3,\"label_pos\":\"above\",\"required\":1,\"default\":\"\",\"placeholder\":\"\",\"container_class\":\"one-half first\",\"element_class\":\"\",\"admin_label\":\"\",\"help_text\":\"\",\"desc_text\":\"\",\"desc_pos\":\"\",\"label\":\"Courriel\",\"key\":\"courriel_1544721396645\",\"type\":\"email\",\"created_at\":\"2018-10-29 10:50:01\",\"custom_name_attribute\":\"email\",\"personally_identifiable\":1,\"drawerDisabled\":false,\"value\":\"\",\"id\":29,\"beforeField\":\"\",\"afterField\":\"\",\"parentType\":\"email\",\"element_templates\":[\"email\",\"input\"],\"old_classname\":\"\",\"wrap_template\":\"wrap\"},{\"objectType\":\"Field\",\"objectDomain\":\"fields\",\"editActive\":false,\"order\":4,\"label_pos\":\"above\",\"required\":1,\"placeholder\":\"\",\"default\":\"\",\"container_class\":\"one-half\",\"element_class\":\"\",\"input_limit\":\"\",\"input_limit_type\":\"characters\",\"input_limit_message\":\"Character(s) left\",\"manual_key\":\"\",\"disable_input\":\"\",\"admin_label\":\"\",\"help_text\":\"\",\"desc_text\":\"\",\"desc_pos\":\"\",\"disable_browser_autocomplete\":\"\",\"mask\":\"\",\"custom_mask\":\"\",\"label\":\"T\\u00e9l\\u00e9phone\",\"key\":\"telephone_1544721401392\",\"type\":\"textbox\",\"created_at\":\"2018-10-29 10:50:01\",\"input_limit_msg\":\"verbleibende(s) Zeichen\",\"custom_name_attribute\":\"\",\"personally_identifiable\":\"\",\"drawerDisabled\":false,\"value\":\"\",\"id\":25,\"beforeField\":\"\",\"afterField\":\"\",\"parentType\":\"textbox\",\"element_templates\":[\"textbox\",\"input\"],\"old_classname\":\"\",\"wrap_template\":\"wrap\"},{\"objectType\":\"Field\",\"objectDomain\":\"fields\",\"editActive\":false,\"order\":6,\"type\":\"textarea\",\"label\":\" A quelle heure \\u00eates-vous joignable? \",\"key\":\"a_quelle_heure_etes-vous_joignable_1556625016170\",\"label_pos\":\"above\",\"required\":1,\"default\":\"\",\"placeholder\":\"\",\"container_class\":\"\",\"element_class\":\"\",\"input_limit\":\"\",\"input_limit_type\":\"characters\",\"input_limit_msg\":\"Zeichen \\u00fcbrig\",\"manual_key\":false,\"admin_label\":\"\",\"help_text\":\"\",\"textarea_rte\":\"\",\"disable_rte_mobile\":\"\",\"textarea_media\":\"\",\"drawerDisabled\":false,\"value\":\"\",\"id\":35,\"beforeField\":\"\",\"afterField\":\"\",\"parentType\":\"textarea\",\"element_templates\":[\"textarea\",\"input\"],\"old_classname\":\"\",\"wrap_template\":\"wrap\"},{\"objectType\":\"Field\",\"objectDomain\":\"fields\",\"editActive\":false,\"order\":7,\"type\":\"textarea\",\"label\":\"Message\",\"key\":\"message_1544721406410\",\"label_pos\":\"above\",\"required\":1,\"default\":\"\",\"placeholder\":\"\",\"container_class\":\"\",\"element_class\":\"\",\"input_limit\":\"\",\"input_limit_type\":\"characters\",\"input_limit_msg\":\"verbleibende(s) Zeichen\",\"manual_key\":\"\",\"admin_label\":\"\",\"help_text\":\"\",\"textarea_rte\":\"\",\"disable_rte_mobile\":\"\",\"textarea_media\":\"\",\"drawerDisabled\":\"\",\"value\":\"\",\"id\":30,\"beforeField\":\"\",\"afterField\":\"\",\"parentType\":\"textarea\",\"element_templates\":[\"textarea\",\"input\"],\"old_classname\":\"\",\"wrap_template\":\"wrap\"},{\"objectType\":\"Field\",\"objectDomain\":\"fields\",\"editActive\":false,\"order\":8,\"type\":\"file_upload\",\"label\":\"S\\u00e9lectionner et t\\u00e9l\\u00e9charger les photos.\",\"key\":\"selectionner_et_telecharger_les_photos_1670327978960\",\"label_pos\":\"above\",\"required\":\"\",\"container_class\":\"\",\"element_class\":\"\",\"manual_key\":\"\",\"help_text\":\"\",\"save_to_server\":1,\"upload_rename\":\"\",\"media_library\":\"false\",\"upload_multi_count\":5,\"max_file_size\":10485760,\"select_files_text\":\"S\\u00e9lectionnez des fichiers\",\"upload_types\":\".jpg,.gif,.png,.pdf,.jpeg\",\"drawerDisabled\":false,\"min_file_size\":0,\"cancel_upload_text\":\"Veuillez patienter, le dossier charge\",\"desc_text\":\"<div style=\\\"text-align: center;\\\"><span>Types de fichiers accept\\u00e9s:<\\\/span><\\\/div>\\n<div style=\\\"text-align: center;\\\"><span>jpg, gif, png, pdf<\\\/span><\\\/div>\\n<div style=\\\"text-align: center;\\\"><span>Taille max. des fichiers 10MB<\\\/span><\\\/div>\",\"id\":31,\"beforeField\":\"\",\"afterField\":\"\",\"value\":\"\",\"parentType\":\"textbox\",\"element_templates\":[\"file_upload\",\"input\"],\"old_classname\":\"\",\"wrap_template\":\"wrap\",\"max_chunk_size\":283115520,\"max_file_size_mb\":10,\"min_file_size_mb\":0,\"uploadNonce\":\"40e01e69bc\",\"uploadNonceExpiry\":1775424146},{\"objectType\":\"Field\",\"objectDomain\":\"fields\",\"editActive\":false,\"order\":9,\"processing_label\":\"Processing\",\"container_class\":\"\",\"element_class\":\"\",\"label\":\"Envoyer votre demande\",\"key\":\"envoyer_votre_demande_1670326193405\",\"type\":\"submit\",\"created_at\":\"2018-10-29 10:50:01\",\"drawerDisabled\":false,\"id\":26,\"beforeField\":\"\",\"afterField\":\"\",\"value\":\"\",\"label_pos\":\"above\",\"parentType\":\"textbox\",\"element_templates\":[\"submit\",\"button\",\"input\"],\"old_classname\":\"\",\"wrap_template\":\"wrap-no-label\"},{\"objectType\":\"Field\",\"objectDomain\":\"fields\",\"editActive\":false,\"order\":999,\"type\":\"hidden\",\"label\":\"Type_formulaire\",\"key\":\"type_formulaire_1750942038875\",\"default\":\"Liposuccion\",\"admin_label\":\"Liposuccion\",\"drawerDisabled\":false,\"manual_key\":true,\"id\":64,\"beforeField\":\"\",\"afterField\":\"\",\"value\":\"Liposuccion\",\"label_pos\":\"above\",\"parentType\":\"hidden\",\"element_templates\":[\"hidden\",\"input\"],\"old_classname\":\"\",\"wrap_template\":\"wrap-no-label\"},{\"objectType\":\"Field\",\"objectDomain\":\"fields\",\"editActive\":false,\"order\":999,\"type\":\"hidden\",\"label\":\"gclid\",\"key\":\"gclid_1763540164232\",\"default\":\"{querystring:gclid}\",\"admin_label\":\"\",\"drawerDisabled\":false,\"id\":70,\"beforeField\":\"\",\"afterField\":\"\",\"value\":\"\",\"label_pos\":\"above\",\"parentType\":\"hidden\",\"element_templates\":[\"hidden\",\"input\"],\"old_classname\":\"\",\"wrap_template\":\"wrap-no-label\"}];nfForms.push(form);<\/script>\n        <\/span><\/span><\/div>\n<\/div>","protected":false},"excerpt":{"rendered":"O\u00f9 nous sommes Belle-Fontaine 2&nbsp; 1003 Lausanne Appelez-nous Appelez-nous au +41 21 601 33 33 &nbsp; &nbsp; &nbsp; Nous \u00e9crire Envoyez-nous un mail \u00e0 info@belle-fontaine.ch Nous contacter Vous avez des questions ou vous souhaitez prendre rendez-vous? Vous pouvez nous \u00e9crire votre demande via notre formulaire de contact ou nous appeler au +41 21 601 33 [&hellip;]","protected":false},"author":1,"featured_media":856,"parent":0,"menu_order":0,"comment_status":"closed","ping_status":"closed","template":"page-contact.php","meta":[],"_links":{"self":[{"href":"https:\/\/cliniquedeliposuccion.ch\/fr\/wp-json\/wp\/v2\/pages\/854"}],"collection":[{"href":"https:\/\/cliniquedeliposuccion.ch\/fr\/wp-json\/wp\/v2\/pages"}],"about":[{"href":"https:\/\/cliniquedeliposuccion.ch\/fr\/wp-json\/wp\/v2\/types\/page"}],"author":[{"embeddable":true,"href":"https:\/\/cliniquedeliposuccion.ch\/fr\/wp-json\/wp\/v2\/users\/1"}],"replies":[{"embeddable":true,"href":"https:\/\/cliniquedeliposuccion.ch\/fr\/wp-json\/wp\/v2\/comments?post=854"}],"version-history":[{"count":14,"href":"https:\/\/cliniquedeliposuccion.ch\/fr\/wp-json\/wp\/v2\/pages\/854\/revisions"}],"predecessor-version":[{"id":7457,"href":"https:\/\/cliniquedeliposuccion.ch\/fr\/wp-json\/wp\/v2\/pages\/854\/revisions\/7457"}],"wp:featuredmedia":[{"embeddable":true,"href":"https:\/\/cliniquedeliposuccion.ch\/fr\/wp-json\/wp\/v2\/media\/856"}],"wp:attachment":[{"href":"https:\/\/cliniquedeliposuccion.ch\/fr\/wp-json\/wp\/v2\/media?parent=854"}],"curies":[{"name":"wp","href":"https:\/\/api.w.org\/{rel}","templated":true}]}}